{"id":15041,"date":"2024-01-04T16:44:26","date_gmt":"2024-01-04T14:44:26","guid":{"rendered":"https:\/\/alleegalerii.ee\/?post_type=product&#038;p=15041"},"modified":"2024-01-09T13:07:55","modified_gmt":"2024-01-09T11:07:55","slug":"erich-pehap-1962","status":"publish","type":"product","link":"https:\/\/alleegalerii.ee\/en\/shop\/erich-pehap-1962\/","title":{"rendered":"Erich Pehap &#8220;Esimene kohtumine&#8221;, 1962"},"content":{"rendered":"","protected":false},"excerpt":{"rendered":"<p>New direct method, paber. Raamitud.<\/p>\n<p>M\u00f5\u00f5dud: km 31,5 x 17 cm, raamiga 60 x 44 cm.<\/p>\n<p>All vasakul: 2\/6 N.D.M<br \/>\nAll paremal: Eric Pehap 1962<\/p>\n<p>Erich Pehap (1912-1981) \u00f5ppis Pallases maalikunsti, Riigi Kunstit\u00f6\u00f6stuskoolis keraamikat ja tarbegraafikat ning 1939 l\u00f5petas Pallase graafikuna. 1943. aastal Soome, sealt edasi Rootsi ning hiljem Kanadasse siirdunud kunstniku tegevus ja looming j\u00e4ttis kustumatu j\u00e4lje kohalikku kunstiellu. Oluline osa tema loomingut on Eestisse tagasi j\u00f5udnud alles viimase 10-15 aasta jooksul ning nii tema 100. kui 110. s\u00fcnniaastap\u00e4eva on t\u00e4histatud isikun\u00e4itustega (vastavalt Kondase keskuses 2012 ja Allee galeriis 2022).<\/p>\n<p>Pehap t\u00f6\u00f6tas v\u00e4lja oma autoritehnika, mida nimetas uueks otseseks meetodiks (<i>new direct method<\/i>) ning mis faktuurilt sarnaneb vitrograafiaga. &#8220;Esimene kohtumine&#8221; on selle tehnika heaks n\u00e4iteks, kus pehmed \u00fcleminekud v\u00f5imaldavad edasi anda valgusn\u00fcansse ning s\u00fcgavustunnetust.<\/p>\n","protected":false},"featured_media":15042,"template":"","meta":{"_acf_changed":false},"product_brand":[],"product_cat":[61,59],"product_tag":[60],"class_list":{"0":"post-15041","1":"product","2":"type-product","3":"status-publish","4":"has-post-thumbnail","6":"product_cat-graafika","7":"product_cat-e-pood","8":"product_tag-e-pood","10":"first","11":"instock","12":"sold-individually","13":"shipping-taxable","14":"purchasable","15":"product-type-simple"},"acf":[],"_links":{"self":[{"href":"https:\/\/alleegalerii.ee\/en\/wp-json\/wp\/v2\/product\/15041","targetHints":{"allow":["GET"]}}],"collection":[{"href":"https:\/\/alleegalerii.ee\/en\/wp-json\/wp\/v2\/product"}],"about":[{"href":"https:\/\/alleegalerii.ee\/en\/wp-json\/wp\/v2\/types\/product"}],"wp:featuredmedia":[{"embeddable":true,"href":"https:\/\/alleegalerii.ee\/en\/wp-json\/wp\/v2\/media\/15042"}],"wp:attachment":[{"href":"https:\/\/alleegalerii.ee\/en\/wp-json\/wp\/v2\/media?parent=15041"}],"wp:term":[{"taxonomy":"product_brand","embeddable":true,"href":"https:\/\/alleegalerii.ee\/en\/wp-json\/wp\/v2\/product_brand?post=15041"},{"taxonomy":"product_cat","embeddable":true,"href":"https:\/\/alleegalerii.ee\/en\/wp-json\/wp\/v2\/product_cat?post=15041"},{"taxonomy":"product_tag","embeddable":true,"href":"https:\/\/alleegalerii.ee\/en\/wp-json\/wp\/v2\/product_tag?post=15041"}],"curies":[{"name":"wp","href":"https:\/\/api.w.org\/{rel}","templated":true}]}}