{"id":15039,"date":"2024-01-06T12:20:32","date_gmt":"2024-01-06T10:20:32","guid":{"rendered":"https:\/\/alleegalerii.ee\/?post_type=product&#038;p=15039"},"modified":"2025-03-26T17:16:00","modified_gmt":"2025-03-26T15:16:00","slug":"saabumas-andrei-jegorov-talumees-reel-talvises-metsas-1941","status":"publish","type":"product","link":"https:\/\/alleegalerii.ee\/en\/shop\/saabumas-andrei-jegorov-talumees-reel-talvises-metsas-1941\/","title":{"rendered":"Andrei Jegorov &#8220;L\u00e4bi metsa&#8221;, 1941"},"content":{"rendered":"","protected":false},"excerpt":{"rendered":"<p>Gua\u0161\u0161 kartongil. Raamitud.<\/p>\n<p>M\u00f5\u00f5dud: 10,3 x 15,1 cm<\/p>\n<p>All paremal: A. Jegorov \/ 41<\/p>\n<p>NB! Maali all paremal nurgas v\u00e4ike t\u00fckike kartongi murdunud (\u00fcldpilti ei h\u00e4iri).<\/p>\n<p>Aruk\u00fclas, talupoja peres s\u00fcndinud Andrei Jegorov (1878-1954) kaotas juba kolme-aastaselt kuulmise, mist\u00f5ttu saadeti ta \u00f5ppima Peterburi kurttummade kooli. Kunstimekas m\u00e4rgati noore poisi andeid ja seet\u00f5ttu j\u00e4tkas ta \u00f5pinguid Kunstide Akadeemia kunstikoolis, mille l\u00f5petas 1906. aastal.<\/p>\n<p>Korraliku kunstilise alusp\u00f5hja omandanud Jegorov naases kodusesse Eestis 1920. aastail, kus asus oma andekust t\u00f5estama luues nii lummavaid linnavaateid kui maastikke.<\/p>\n","protected":false},"featured_media":15047,"template":"","meta":{"_acf_changed":false},"product_brand":[],"product_cat":[415,59,69],"product_tag":[60],"class_list":{"0":"post-15039","1":"product","2":"type-product","3":"status-publish","4":"has-post-thumbnail","6":"product_cat-maal","7":"product_cat-e-pood","8":"product_cat-guass","9":"product_tag-e-pood","11":"first","12":"outofstock","13":"sold-individually","14":"shipping-taxable","15":"product-type-simple"},"acf":[],"_links":{"self":[{"href":"https:\/\/alleegalerii.ee\/en\/wp-json\/wp\/v2\/product\/15039","targetHints":{"allow":["GET"]}}],"collection":[{"href":"https:\/\/alleegalerii.ee\/en\/wp-json\/wp\/v2\/product"}],"about":[{"href":"https:\/\/alleegalerii.ee\/en\/wp-json\/wp\/v2\/types\/product"}],"wp:featuredmedia":[{"embeddable":true,"href":"https:\/\/alleegalerii.ee\/en\/wp-json\/wp\/v2\/media\/15047"}],"wp:attachment":[{"href":"https:\/\/alleegalerii.ee\/en\/wp-json\/wp\/v2\/media?parent=15039"}],"wp:term":[{"taxonomy":"product_brand","embeddable":true,"href":"https:\/\/alleegalerii.ee\/en\/wp-json\/wp\/v2\/product_brand?post=15039"},{"taxonomy":"product_cat","embeddable":true,"href":"https:\/\/alleegalerii.ee\/en\/wp-json\/wp\/v2\/product_cat?post=15039"},{"taxonomy":"product_tag","embeddable":true,"href":"https:\/\/alleegalerii.ee\/en\/wp-json\/wp\/v2\/product_tag?post=15039"}],"curies":[{"name":"wp","href":"https:\/\/api.w.org\/{rel}","templated":true}]}}