{"id":15034,"date":"2024-01-05T19:36:39","date_gmt":"2024-01-05T17:36:39","guid":{"rendered":"https:\/\/alleegalerii.ee\/?post_type=product&#038;p=15034"},"modified":"2025-04-24T16:04:27","modified_gmt":"2025-04-24T13:04:27","slug":"boris-ottenberg-varakevadine-maastik-1941","status":"publish","type":"product","link":"https:\/\/alleegalerii.ee\/en\/shop\/boris-ottenberg-varakevadine-maastik-1941\/","title":{"rendered":"Boris Ottenberg \u201cVarakevadine maastik\u201d, 1941"},"content":{"rendered":"","protected":false},"excerpt":{"rendered":"<p>\u00d5li papil. Raamitud.<\/p>\n<p>M\u00f5\u00f5dud: ava 18,4 x 26,4 cm, raamiga 40 x 48 cm.<\/p>\n<p>All vasakul: B. Ottenberg 41<\/p>\n<p>Tallinnas elanud saksa perekonnast p\u00e4rit Boris Ottenberg (1891-1946) v\u00f5ttis aktiivselt osa siinsest vene ja eesti kunstielust. Tundliku loodusevaatlejana oskas ta t\u00e4hele panna selle \u00f5rnu varjundeid ning tabavalt j\u00e4\u00e4dvustada valitsevat \u00f5hustikku. Ottenberg armastas maalida natuurist ning tema juugendstiili m\u00f5jutustega teosed v\u00f5luvad vaatajat oma \u00f5rna, kergelt udulooris stiiliga.<\/p>\n","protected":false},"featured_media":15037,"template":"","meta":{"_acf_changed":false},"product_brand":[],"product_cat":[415,56,59],"product_tag":[60],"class_list":{"0":"post-15034","1":"product","2":"type-product","3":"status-publish","4":"has-post-thumbnail","6":"product_cat-maal","7":"product_cat-olimaal","8":"product_cat-e-pood","9":"product_tag-e-pood","11":"first","12":"instock","13":"sold-individually","14":"shipping-taxable","15":"purchasable","16":"product-type-simple"},"acf":[],"_links":{"self":[{"href":"https:\/\/alleegalerii.ee\/en\/wp-json\/wp\/v2\/product\/15034","targetHints":{"allow":["GET"]}}],"collection":[{"href":"https:\/\/alleegalerii.ee\/en\/wp-json\/wp\/v2\/product"}],"about":[{"href":"https:\/\/alleegalerii.ee\/en\/wp-json\/wp\/v2\/types\/product"}],"wp:featuredmedia":[{"embeddable":true,"href":"https:\/\/alleegalerii.ee\/en\/wp-json\/wp\/v2\/media\/15037"}],"wp:attachment":[{"href":"https:\/\/alleegalerii.ee\/en\/wp-json\/wp\/v2\/media?parent=15034"}],"wp:term":[{"taxonomy":"product_brand","embeddable":true,"href":"https:\/\/alleegalerii.ee\/en\/wp-json\/wp\/v2\/product_brand?post=15034"},{"taxonomy":"product_cat","embeddable":true,"href":"https:\/\/alleegalerii.ee\/en\/wp-json\/wp\/v2\/product_cat?post=15034"},{"taxonomy":"product_tag","embeddable":true,"href":"https:\/\/alleegalerii.ee\/en\/wp-json\/wp\/v2\/product_tag?post=15034"}],"curies":[{"name":"wp","href":"https:\/\/api.w.org\/{rel}","templated":true}]}}