{"id":15033,"date":"2024-01-03T15:02:50","date_gmt":"2024-01-03T13:02:50","guid":{"rendered":"https:\/\/alleegalerii.ee\/?post_type=product&#038;p=15033"},"modified":"2024-12-06T12:03:07","modified_gmt":"2024-12-06T10:03:07","slug":"ilon-wikland-imedemaa","status":"publish","type":"product","link":"https:\/\/alleegalerii.ee\/en\/shop\/ilon-wikland-imedemaa\/","title":{"rendered":"Ilon Wikland &#8220;Imedemaa&#8221;"},"content":{"rendered":"","protected":false},"excerpt":{"rendered":"<p>M\u00dc\u00dcDUD.<\/p>\n<p>V\u00e4rviline litograafia paberil. Raamitud.<\/p>\n<p>M\u00f5\u00f5dud: 39,7 x 50 cm, raamiga 55x 62 cm.<\/p>\n<p>All vasakul: 102\/360<br \/>\nAll paremal: Ilon Wikland<\/p>\n<p><span style=\"font-weight: 400;\">Ilon Wikland (s 1930) on eesti p\u00e4ritolu kunstnik, kes on eelk\u00f5ige tuntud kui Astrid Lindgreni raamatute illustreerija. Lapsep\u00f5lve veetis ta Haapsalus, kuid 1940. aastatel emigreerus Rootsi.\u00a0<\/span><\/p>\n<p><span style=\"font-weight: 400;\">Tema fantaasiak\u00fcllased t\u00f6\u00f6d kiirgavad positiivsust ja ergutavad unistama, nii ka k\u00e4esolev teos.<\/span><\/p>\n","protected":false},"featured_media":15035,"template":"","meta":{"_acf_changed":false},"product_brand":[],"product_cat":[61,57,59],"product_tag":[60],"class_list":{"0":"post-15033","1":"product","2":"type-product","3":"status-publish","4":"has-post-thumbnail","6":"product_cat-graafika","7":"product_cat-muudud","8":"product_cat-e-pood","9":"product_tag-e-pood","11":"first","12":"outofstock","13":"sold-individually","14":"shipping-taxable","15":"purchasable","16":"product-type-simple"},"acf":[],"_links":{"self":[{"href":"https:\/\/alleegalerii.ee\/en\/wp-json\/wp\/v2\/product\/15033","targetHints":{"allow":["GET"]}}],"collection":[{"href":"https:\/\/alleegalerii.ee\/en\/wp-json\/wp\/v2\/product"}],"about":[{"href":"https:\/\/alleegalerii.ee\/en\/wp-json\/wp\/v2\/types\/product"}],"wp:featuredmedia":[{"embeddable":true,"href":"https:\/\/alleegalerii.ee\/en\/wp-json\/wp\/v2\/media\/15035"}],"wp:attachment":[{"href":"https:\/\/alleegalerii.ee\/en\/wp-json\/wp\/v2\/media?parent=15033"}],"wp:term":[{"taxonomy":"product_brand","embeddable":true,"href":"https:\/\/alleegalerii.ee\/en\/wp-json\/wp\/v2\/product_brand?post=15033"},{"taxonomy":"product_cat","embeddable":true,"href":"https:\/\/alleegalerii.ee\/en\/wp-json\/wp\/v2\/product_cat?post=15033"},{"taxonomy":"product_tag","embeddable":true,"href":"https:\/\/alleegalerii.ee\/en\/wp-json\/wp\/v2\/product_tag?post=15033"}],"curies":[{"name":"wp","href":"https:\/\/api.w.org\/{rel}","templated":true}]}}