{"id":15030,"date":"2023-12-28T23:13:59","date_gmt":"2023-12-28T21:13:59","guid":{"rendered":"https:\/\/alleegalerii.ee\/?post_type=product&#038;p=15030"},"modified":"2023-12-28T23:15:10","modified_gmt":"2023-12-28T21:15:10","slug":"saskia-kasemaa-kompositsioon-sugis","status":"publish","type":"product","link":"https:\/\/alleegalerii.ee\/en\/shop\/saskia-kasemaa-kompositsioon-sugis\/","title":{"rendered":"Saskia Kasemaa &#8220;Kompositsioon &#8220;S\u00fcgis&#8221;&#8221;"},"content":{"rendered":"","protected":false},"excerpt":{"rendered":"<p>\u00d5li l\u00f5uendil. 1981. Raamitud.<br \/>\nAll paremal: S. Kasemaa 81.<br \/>\nP\u00f6\u00f6rdel alusraamil: Kompositsioon &#8220;S\u00fcgis&#8221; \u00f5li, l\u00f5uend 83&#215;61<\/p>\n<p>Tartu maalija Saskia Kasemaa (1945-2019) teos l\u00e4htub \u00fchelt poolt 1970. aastate t\u00f6\u00f6paatosest, kuid teisalt teeb seda modernses v\u00f5tmes. Seet\u00f5ttu on esikohal maali visuaalsed v\u00e4\u00e4rtused ning allegoorilisus. Teose kompositsioonilise terviku moodustavad kolm \u017eanri: figuurimaal (s\u00fcgisande vedavad t\u00f6\u00f6lised), maastikumaal (tegevus toimub L\u00f5una-Eesti looduses) ja nat\u00fc\u00fcrmort (maali esiplaanil asetsev kast k\u00f5rvitsatega ja teiste juurviljadega). Rikkuse allegooriana t\u00f5lgendatav maal kannab endas s\u00fcgise magusat aroomi ja p\u00e4ikesesooja t\u00e4is laadinud looduse sooja tunnet.<\/p>\n","protected":false},"featured_media":13359,"template":"","meta":{"_acf_changed":false},"product_brand":[],"product_cat":[415,56,59],"product_tag":[60],"class_list":{"0":"post-15030","1":"product","2":"type-product","3":"status-publish","4":"has-post-thumbnail","6":"product_cat-maal","7":"product_cat-olimaal","8":"product_cat-e-pood","9":"product_tag-e-pood","11":"first","12":"instock","13":"sold-individually","14":"shipping-taxable","15":"purchasable","16":"product-type-simple"},"acf":[],"_links":{"self":[{"href":"https:\/\/alleegalerii.ee\/en\/wp-json\/wp\/v2\/product\/15030","targetHints":{"allow":["GET"]}}],"collection":[{"href":"https:\/\/alleegalerii.ee\/en\/wp-json\/wp\/v2\/product"}],"about":[{"href":"https:\/\/alleegalerii.ee\/en\/wp-json\/wp\/v2\/types\/product"}],"wp:featuredmedia":[{"embeddable":true,"href":"https:\/\/alleegalerii.ee\/en\/wp-json\/wp\/v2\/media\/13359"}],"wp:attachment":[{"href":"https:\/\/alleegalerii.ee\/en\/wp-json\/wp\/v2\/media?parent=15030"}],"wp:term":[{"taxonomy":"product_brand","embeddable":true,"href":"https:\/\/alleegalerii.ee\/en\/wp-json\/wp\/v2\/product_brand?post=15030"},{"taxonomy":"product_cat","embeddable":true,"href":"https:\/\/alleegalerii.ee\/en\/wp-json\/wp\/v2\/product_cat?post=15030"},{"taxonomy":"product_tag","embeddable":true,"href":"https:\/\/alleegalerii.ee\/en\/wp-json\/wp\/v2\/product_tag?post=15030"}],"curies":[{"name":"wp","href":"https:\/\/api.w.org\/{rel}","templated":true}]}}