{"id":14990,"date":"2023-12-19T14:05:42","date_gmt":"2023-12-19T12:05:42","guid":{"rendered":"https:\/\/alleegalerii.ee\/?post_type=product&#038;p=14990"},"modified":"2023-12-19T14:11:10","modified_gmt":"2023-12-19T12:11:10","slug":"aavo-kokk-andres-eilart-pintsliga-tommatud-rahvas-2023","status":"publish","type":"product","link":"https:\/\/alleegalerii.ee\/en\/shop\/aavo-kokk-andres-eilart-pintsliga-tommatud-rahvas-2023\/","title":{"rendered":"Aavo Kokk, Andres Eilart &#8220;Pintsliga t\u00f5mmatud RAHVAS&#8221;, 2023"},"content":{"rendered":"","protected":false},"excerpt":{"rendered":"<p>K\u00f5vakaaneline, 312 lk.<\/p>\n<p>\u201ePintsliga t\u00f5mmatud RAHVAS\u201d on j\u00e4rg menuraamatutele \u201ePintsliga t\u00f5mmatud EESTI\u201d ja \u201ePintsliga t\u00f5mmatud LINNAD\u201d.<br \/>\nSee on sarja kolmas ja k\u00f5ige olulisem teos. Kultuurilooline uurimus, millist pole Eestis enne n\u00e4htud. \u201ePintsliga t\u00f5mmatud RAHVAS\u201d esitleb l\u00e4bim\u00f5eldud ja haaravas r\u00fctmis loo, kuidas see rahvas on ennast vorminud.<br \/>\nKunstiteoste abil seletatud s\u00fcndmused ja motiivid algavad 13 500 aastat tagasi, kui liustikud siinsetelt aladelt taandusid, ning j\u00f5uavad aastasse 2050. Raamatus on s\u00fcndmused, kombed, hetked ja ideed, mis teevad eestlasest eestlase.<br \/>\nKolm raamatut moodustavad Eesti trikoloori.<\/p>\n","protected":false},"featured_media":14991,"template":"","meta":{"_acf_changed":false},"product_brand":[],"product_cat":[55,59],"product_tag":[60],"class_list":{"0":"post-14990","1":"product","2":"type-product","3":"status-publish","4":"has-post-thumbnail","6":"product_cat-raamatud","7":"product_cat-e-pood","8":"product_tag-e-pood","10":"first","11":"instock","12":"shipping-taxable","13":"purchasable","14":"product-type-simple"},"acf":[],"_links":{"self":[{"href":"https:\/\/alleegalerii.ee\/en\/wp-json\/wp\/v2\/product\/14990","targetHints":{"allow":["GET"]}}],"collection":[{"href":"https:\/\/alleegalerii.ee\/en\/wp-json\/wp\/v2\/product"}],"about":[{"href":"https:\/\/alleegalerii.ee\/en\/wp-json\/wp\/v2\/types\/product"}],"wp:featuredmedia":[{"embeddable":true,"href":"https:\/\/alleegalerii.ee\/en\/wp-json\/wp\/v2\/media\/14991"}],"wp:attachment":[{"href":"https:\/\/alleegalerii.ee\/en\/wp-json\/wp\/v2\/media?parent=14990"}],"wp:term":[{"taxonomy":"product_brand","embeddable":true,"href":"https:\/\/alleegalerii.ee\/en\/wp-json\/wp\/v2\/product_brand?post=14990"},{"taxonomy":"product_cat","embeddable":true,"href":"https:\/\/alleegalerii.ee\/en\/wp-json\/wp\/v2\/product_cat?post=14990"},{"taxonomy":"product_tag","embeddable":true,"href":"https:\/\/alleegalerii.ee\/en\/wp-json\/wp\/v2\/product_tag?post=14990"}],"curies":[{"name":"wp","href":"https:\/\/api.w.org\/{rel}","templated":true}]}}