{"id":14976,"date":"2023-12-16T13:53:53","date_gmt":"2023-12-16T11:53:53","guid":{"rendered":"https:\/\/alleegalerii.ee\/?post_type=product&#038;p=14976"},"modified":"2024-12-26T16:46:58","modified_gmt":"2024-12-26T14:46:58","slug":"eugen-vaino-hiiu-rannatalud-1961","status":"publish","type":"product","link":"https:\/\/alleegalerii.ee\/en\/shop\/eugen-vaino-hiiu-rannatalud-1961\/","title":{"rendered":"Eugen Vaino &#8220;Hiiu rannatalud&#8221;, 1961"},"content":{"rendered":"","protected":false},"excerpt":{"rendered":"<p>M\u00dc\u00dcDUD.<\/p>\n<p>Puugrav\u00fc\u00fcr paberil. Raamitud.<\/p>\n<p>M\u00f5\u00f5dud: plm 11,3 x ,14,8 cm, raamiga 34,5 x 37 cm.<\/p>\n<p>All vasakul: Hiiu rannatalud (puugrav\u00fc\u00fcr)<br \/>\nAll paremal: E Waino 1961<\/p>\n<p>Eugen Vaino (1909-1969) narratiivsed teosed kujutavad v\u00e4ga sageli konkreetseid kohti Eestimaa eri paikades. &#8220;Hiiu rannatalud&#8221; r\u00e4\u00e4gib loo Hiiumaa rannikuelust.<\/p>\n","protected":false},"featured_media":14975,"template":"","meta":{"_acf_changed":false},"product_brand":[],"product_cat":[61,57,59],"product_tag":[60],"class_list":{"0":"post-14976","1":"product","2":"type-product","3":"status-publish","4":"has-post-thumbnail","6":"product_cat-graafika","7":"product_cat-muudud","8":"product_cat-e-pood","9":"product_tag-e-pood","11":"first","12":"outofstock","13":"sold-individually","14":"shipping-taxable","15":"purchasable","16":"product-type-simple"},"acf":[],"_links":{"self":[{"href":"https:\/\/alleegalerii.ee\/en\/wp-json\/wp\/v2\/product\/14976","targetHints":{"allow":["GET"]}}],"collection":[{"href":"https:\/\/alleegalerii.ee\/en\/wp-json\/wp\/v2\/product"}],"about":[{"href":"https:\/\/alleegalerii.ee\/en\/wp-json\/wp\/v2\/types\/product"}],"wp:featuredmedia":[{"embeddable":true,"href":"https:\/\/alleegalerii.ee\/en\/wp-json\/wp\/v2\/media\/14975"}],"wp:attachment":[{"href":"https:\/\/alleegalerii.ee\/en\/wp-json\/wp\/v2\/media?parent=14976"}],"wp:term":[{"taxonomy":"product_brand","embeddable":true,"href":"https:\/\/alleegalerii.ee\/en\/wp-json\/wp\/v2\/product_brand?post=14976"},{"taxonomy":"product_cat","embeddable":true,"href":"https:\/\/alleegalerii.ee\/en\/wp-json\/wp\/v2\/product_cat?post=14976"},{"taxonomy":"product_tag","embeddable":true,"href":"https:\/\/alleegalerii.ee\/en\/wp-json\/wp\/v2\/product_tag?post=14976"}],"curies":[{"name":"wp","href":"https:\/\/api.w.org\/{rel}","templated":true}]}}