{"id":14940,"date":"2023-12-01T09:12:26","date_gmt":"2023-12-01T07:12:26","guid":{"rendered":"https:\/\/alleegalerii.ee\/?post_type=product&#038;p=14940"},"modified":"2024-01-27T12:53:11","modified_gmt":"2024-01-27T10:53:11","slug":"boris-ninemae-savipottide-muuja-tseilonilt-sri-lanka-1970-ndad","status":"publish","type":"product","link":"https:\/\/alleegalerii.ee\/en\/shop\/boris-ninemae-savipottide-muuja-tseilonilt-sri-lanka-1970-ndad\/","title":{"rendered":"Boris Ninem\u00e4e &#8220;Savipottide m\u00fc\u00fcja Tseilonilt (Sri Lanka)&#8221;, 1970-ndad"},"content":{"rendered":"","protected":false},"excerpt":{"rendered":"<p>M\u00dc\u00dcDUD<\/p>\n<p>\u00d5li l\u00f5uendil. Raamitud.<\/p>\n<p>M\u00f5\u00f5dud: 50 x 61 cm, raamiga 57 x 68 cm.<\/p>\n<p>All paremal: NINEMAE<br \/>\nP\u00f6\u00f6rdel: Krukf\u00e4rs\u00e4ljerska i Ceylon (Sri Lanka)<\/p>\n","protected":false},"featured_media":14954,"template":"","meta":{"_acf_changed":false},"product_brand":[],"product_cat":[415,56,57,59],"product_tag":[60],"class_list":{"0":"post-14940","1":"product","2":"type-product","3":"status-publish","4":"has-post-thumbnail","6":"product_cat-maal","7":"product_cat-olimaal","8":"product_cat-muudud","9":"product_cat-e-pood","10":"product_tag-e-pood","12":"first","13":"outofstock","14":"sold-individually","15":"shipping-taxable","16":"purchasable","17":"product-type-simple"},"acf":[],"_links":{"self":[{"href":"https:\/\/alleegalerii.ee\/en\/wp-json\/wp\/v2\/product\/14940","targetHints":{"allow":["GET"]}}],"collection":[{"href":"https:\/\/alleegalerii.ee\/en\/wp-json\/wp\/v2\/product"}],"about":[{"href":"https:\/\/alleegalerii.ee\/en\/wp-json\/wp\/v2\/types\/product"}],"wp:featuredmedia":[{"embeddable":true,"href":"https:\/\/alleegalerii.ee\/en\/wp-json\/wp\/v2\/media\/14954"}],"wp:attachment":[{"href":"https:\/\/alleegalerii.ee\/en\/wp-json\/wp\/v2\/media?parent=14940"}],"wp:term":[{"taxonomy":"product_brand","embeddable":true,"href":"https:\/\/alleegalerii.ee\/en\/wp-json\/wp\/v2\/product_brand?post=14940"},{"taxonomy":"product_cat","embeddable":true,"href":"https:\/\/alleegalerii.ee\/en\/wp-json\/wp\/v2\/product_cat?post=14940"},{"taxonomy":"product_tag","embeddable":true,"href":"https:\/\/alleegalerii.ee\/en\/wp-json\/wp\/v2\/product_tag?post=14940"}],"curies":[{"name":"wp","href":"https:\/\/api.w.org\/{rel}","templated":true}]}}