{"id":14743,"date":"2023-11-20T13:14:52","date_gmt":"2023-11-20T11:14:52","guid":{"rendered":"https:\/\/alleegalerii.ee\/?post_type=product&#038;p=14743"},"modified":"2025-06-06T21:02:58","modified_gmt":"2025-06-06T18:02:58","slug":"agu-pihelgas-rahutu-meri-1984","status":"publish","type":"product","link":"https:\/\/alleegalerii.ee\/en\/shop\/agu-pihelgas-rahutu-meri-1984\/","title":{"rendered":"Agu Pihelga &#8220;Rahutu meri&#8221;, 1984"},"content":{"rendered":"","protected":false},"excerpt":{"rendered":"<p>M\u00dc\u00dcDUD.<\/p>\n<p>\u00d5li papil. Raamitud.<\/p>\n<p>M\u00f5\u00f5dud: 40 x 50 cm, raamiga 52 x 62 cm.<\/p>\n<p>All paremal A. Pihelga 84<br \/>\nP\u00f6\u00f6rdel: A. Pihelga &#8220;Rahutu meri&#8221; \u00f5li p &#8211; 1984 40 x 50 cm<\/p>\n<p>August Janseni ja Roman Nymani k\u00e4e all kunstihariduse saanud Agu Pihelga keskendus \u00f5pingutes eelk\u00f5ige dekoratiivmaalile. Alates 1950-ndatest impressionistlikku joont hoidnud Pihelga on eelk\u00f5ige tuntud oma maastiku- ja linnavaadete poolest. K\u00e4esolev vahutavates lainetes meri on v\u00f5luv n\u00e4ide tema k\u00e4ekirjast.<\/p>\n","protected":false},"featured_media":14744,"template":"","meta":{"_acf_changed":false},"product_brand":[],"product_cat":[415,56,57,59],"product_tag":[60],"class_list":{"0":"post-14743","1":"product","2":"type-product","3":"status-publish","4":"has-post-thumbnail","6":"product_cat-maal","7":"product_cat-olimaal","8":"product_cat-muudud","9":"product_cat-e-pood","10":"product_tag-e-pood","12":"first","13":"outofstock","14":"sold-individually","15":"shipping-taxable","16":"purchasable","17":"product-type-simple"},"acf":[],"_links":{"self":[{"href":"https:\/\/alleegalerii.ee\/en\/wp-json\/wp\/v2\/product\/14743","targetHints":{"allow":["GET"]}}],"collection":[{"href":"https:\/\/alleegalerii.ee\/en\/wp-json\/wp\/v2\/product"}],"about":[{"href":"https:\/\/alleegalerii.ee\/en\/wp-json\/wp\/v2\/types\/product"}],"wp:featuredmedia":[{"embeddable":true,"href":"https:\/\/alleegalerii.ee\/en\/wp-json\/wp\/v2\/media\/14744"}],"wp:attachment":[{"href":"https:\/\/alleegalerii.ee\/en\/wp-json\/wp\/v2\/media?parent=14743"}],"wp:term":[{"taxonomy":"product_brand","embeddable":true,"href":"https:\/\/alleegalerii.ee\/en\/wp-json\/wp\/v2\/product_brand?post=14743"},{"taxonomy":"product_cat","embeddable":true,"href":"https:\/\/alleegalerii.ee\/en\/wp-json\/wp\/v2\/product_cat?post=14743"},{"taxonomy":"product_tag","embeddable":true,"href":"https:\/\/alleegalerii.ee\/en\/wp-json\/wp\/v2\/product_tag?post=14743"}],"curies":[{"name":"wp","href":"https:\/\/api.w.org\/{rel}","templated":true}]}}