{"id":14615,"date":"2023-11-13T20:11:34","date_gmt":"2023-11-13T18:11:34","guid":{"rendered":"https:\/\/alleegalerii.ee\/?post_type=product&#038;p=14615"},"modified":"2023-11-29T15:10:26","modified_gmt":"2023-11-29T13:10:26","slug":"120-gea-sibola-hansen-vaike-fe-2012","status":"publish","type":"product","link":"https:\/\/alleegalerii.ee\/en\/shop\/120-gea-sibola-hansen-vaike-fe-2012\/","title":{"rendered":"120. Gea Sibola Hansen &#8220;V\u00e4ike Fe&#8221;, 2012"},"content":{"rendered":"","protected":false},"excerpt":{"rendered":"<p>Pronks. h= 31 cm.<\/p>\n<p>Gea Sibola Hanseni, rahvusvaheliselt tunnustatud eesti skulptori n\u00e4itustel osalenud \u201cV\u00e4ike Fe\u201d on kodu kaitsja. Ta paneb k\u00e4e puusa ja seisab enesekindlalt uksel. Ta on v\u00e4ike, aga v\u00e4ega. \u00d5rn, aga t\u00e4is tugevat pronksi.<\/p>\n<p>Sibola-Hanseni t\u00f6\u00f6d vaatavad alati visuaalsest vormist kaugemale, loovad sisu ja t\u00e4hendust, k\u00e4esoleval juhul turvatunnet ja kodusoojust.<\/p>\n","protected":false},"featured_media":14133,"template":"","meta":{"_acf_changed":false},"product_brand":[],"product_cat":[99],"product_tag":[],"class_list":{"0":"post-14615","1":"product","2":"type-product","3":"status-publish","4":"has-post-thumbnail","6":"product_cat-sugisoksjon-2023","7":"auction-is-closed","8":"current-user-is-not-highest-bidder","10":"first","11":"instock","12":"shipping-taxable","13":"purchasable","14":"product-type-auction"},"acf":[],"_links":{"self":[{"href":"https:\/\/alleegalerii.ee\/en\/wp-json\/wp\/v2\/product\/14615","targetHints":{"allow":["GET"]}}],"collection":[{"href":"https:\/\/alleegalerii.ee\/en\/wp-json\/wp\/v2\/product"}],"about":[{"href":"https:\/\/alleegalerii.ee\/en\/wp-json\/wp\/v2\/types\/product"}],"wp:featuredmedia":[{"embeddable":true,"href":"https:\/\/alleegalerii.ee\/en\/wp-json\/wp\/v2\/media\/14133"}],"wp:attachment":[{"href":"https:\/\/alleegalerii.ee\/en\/wp-json\/wp\/v2\/media?parent=14615"}],"wp:term":[{"taxonomy":"product_brand","embeddable":true,"href":"https:\/\/alleegalerii.ee\/en\/wp-json\/wp\/v2\/product_brand?post=14615"},{"taxonomy":"product_cat","embeddable":true,"href":"https:\/\/alleegalerii.ee\/en\/wp-json\/wp\/v2\/product_cat?post=14615"},{"taxonomy":"product_tag","embeddable":true,"href":"https:\/\/alleegalerii.ee\/en\/wp-json\/wp\/v2\/product_tag?post=14615"}],"curies":[{"name":"wp","href":"https:\/\/api.w.org\/{rel}","templated":true}]}}