{"id":14525,"date":"2023-11-13T20:11:38","date_gmt":"2023-11-13T18:11:38","guid":{"rendered":"https:\/\/alleegalerii.ee\/?post_type=product&#038;p=14525"},"modified":"2023-11-29T14:58:57","modified_gmt":"2023-11-29T12:58:57","slug":"30-boris-ninemae-vorku-tuhjendamas-1960-ndad","status":"publish","type":"product","link":"https:\/\/alleegalerii.ee\/en\/shop\/30-boris-ninemae-vorku-tuhjendamas-1960-ndad\/","title":{"rendered":"30. Boris Ninem\u00e4e &#8220;V\u00f5rku t\u00fchjendamas&#8221;, 1960-ndad"},"content":{"rendered":"","protected":false},"excerpt":{"rendered":"<p>\u00d5li l\u00f5uendil. 25,5 x 30,5 cm.<\/p>\n<p>V\u00e4liseesti kunstniku Boris Ninem\u00e4e (1925-1991) teoseid on viimastel aastatel t\u00e4nu kunstikogujate panusele tagasi kodumaale j\u00f5udnud. Tema reljeefne pintslikiri on selgelt isikup\u00e4rane ning teemadering hindab lihtsaid, igap\u00e4evaseid tegevusi me elus. \u201cV\u00f5rku t\u00fchjendamas\u201d kutsub vaatajat osa saama p\u00e4ikselisest p\u00e4evast kalurite elus, t\u00e4psemalt p\u00e4eva tipphetkest ehk saagi v\u00f5rkudelt korjamisest.<\/p>\n<p>P\u00e4ikesevalguses helkivad kalad moodustavad kompositsiooniliselt p\u00f5neva mustri, mida Ninem\u00e4e kesksele kohale asetades r\u00f5hutab enamgi kui kalureid endid. Nii v\u00f5imendab ta meisterlikult eestlaste, eriti siinsete rannaelanike peamise elatusallika olulisust ja rolli. J\u00e4i ta ju oma s\u00fcdames alati kodumaad igatsema.<\/p>\n","protected":false},"featured_media":14131,"template":"","meta":{"_acf_changed":false},"product_brand":[],"product_cat":[99],"product_tag":[],"class_list":{"0":"post-14525","1":"product","2":"type-product","3":"status-publish","4":"has-post-thumbnail","6":"product_cat-sugisoksjon-2023","7":"auction-is-closed","8":"current-user-is-not-highest-bidder","10":"first","11":"instock","12":"shipping-taxable","13":"purchasable","14":"product-type-auction"},"acf":[],"_links":{"self":[{"href":"https:\/\/alleegalerii.ee\/en\/wp-json\/wp\/v2\/product\/14525","targetHints":{"allow":["GET"]}}],"collection":[{"href":"https:\/\/alleegalerii.ee\/en\/wp-json\/wp\/v2\/product"}],"about":[{"href":"https:\/\/alleegalerii.ee\/en\/wp-json\/wp\/v2\/types\/product"}],"wp:featuredmedia":[{"embeddable":true,"href":"https:\/\/alleegalerii.ee\/en\/wp-json\/wp\/v2\/media\/14131"}],"wp:attachment":[{"href":"https:\/\/alleegalerii.ee\/en\/wp-json\/wp\/v2\/media?parent=14525"}],"wp:term":[{"taxonomy":"product_brand","embeddable":true,"href":"https:\/\/alleegalerii.ee\/en\/wp-json\/wp\/v2\/product_brand?post=14525"},{"taxonomy":"product_cat","embeddable":true,"href":"https:\/\/alleegalerii.ee\/en\/wp-json\/wp\/v2\/product_cat?post=14525"},{"taxonomy":"product_tag","embeddable":true,"href":"https:\/\/alleegalerii.ee\/en\/wp-json\/wp\/v2\/product_tag?post=14525"}],"curies":[{"name":"wp","href":"https:\/\/api.w.org\/{rel}","templated":true}]}}