{"id":14502,"date":"2023-11-13T20:11:33","date_gmt":"2023-11-13T18:11:33","guid":{"rendered":"https:\/\/alleegalerii.ee\/?post_type=product&#038;p=14502"},"modified":"2023-12-01T10:39:06","modified_gmt":"2023-12-01T08:39:06","slug":"08-juri-arrak-europe-1993","status":"publish","type":"product","link":"https:\/\/alleegalerii.ee\/en\/shop\/08-juri-arrak-europe-1993\/","title":{"rendered":"08. J\u00fcri Arrak &#8220;Europe&#8221;, 1993"},"content":{"rendered":"","protected":false},"excerpt":{"rendered":"<p>Siiditr\u00fckk paberil. Km 34,6 x 43 cm.<\/p>\n<p>Eksimatult oman\u00e4olise kunstnikuk\u00e4ekirjaga J\u00fcri Arraku (1936-2022) siiditr\u00fckitehnikas leht \u201cEurope\u201d kuulub tema tuntumate graafiliste t\u00f6\u00f6de nimekirja. Nagu ikka Arraku stseenidel, piidlevad toimuvat tummad tunnistajad \u2013 m\u00e4rkinimesed, m\u00fc\u00fctilised olevused, kes tunduvad olevat s\u00fcndmuse asjaosalised.<\/p>\n<p>Antiikm\u00fctoloogia paelus Arrakut varakult, juba 1960. aastatel, ning \u201cEurope\u201d puhul pakkus kunstnikule huvi loo erootiline pingelisus. Loo paradoks seisneb selles, et h\u00e4rja kuju v\u00f5tnud peajumal Zeusi turjal istuv r\u00f6\u00f6vitud Europe n\u00e4eb ise pigem v\u00f5itjana v\u00e4lja ning on h\u00e4rjal sarvest haarates valmis oma kaunist kandjat taltsutama. See on v\u00f5imsa tundelaenguga teos armastuse v\u00e4est ning \u00f5igluse v\u00f5iduk\u00e4igust.<\/p>\n","protected":false},"featured_media":13970,"template":"","meta":{"_acf_changed":false},"product_brand":[],"product_cat":[99],"product_tag":[],"class_list":{"0":"post-14502","1":"product","2":"type-product","3":"status-publish","4":"has-post-thumbnail","6":"product_cat-sugisoksjon-2023","7":"auction-is-closed","8":"current-user-is-not-highest-bidder","10":"first","11":"instock","12":"shipping-taxable","13":"purchasable","14":"product-type-auction"},"acf":[],"_links":{"self":[{"href":"https:\/\/alleegalerii.ee\/en\/wp-json\/wp\/v2\/product\/14502","targetHints":{"allow":["GET"]}}],"collection":[{"href":"https:\/\/alleegalerii.ee\/en\/wp-json\/wp\/v2\/product"}],"about":[{"href":"https:\/\/alleegalerii.ee\/en\/wp-json\/wp\/v2\/types\/product"}],"wp:featuredmedia":[{"embeddable":true,"href":"https:\/\/alleegalerii.ee\/en\/wp-json\/wp\/v2\/media\/13970"}],"wp:attachment":[{"href":"https:\/\/alleegalerii.ee\/en\/wp-json\/wp\/v2\/media?parent=14502"}],"wp:term":[{"taxonomy":"product_brand","embeddable":true,"href":"https:\/\/alleegalerii.ee\/en\/wp-json\/wp\/v2\/product_brand?post=14502"},{"taxonomy":"product_cat","embeddable":true,"href":"https:\/\/alleegalerii.ee\/en\/wp-json\/wp\/v2\/product_cat?post=14502"},{"taxonomy":"product_tag","embeddable":true,"href":"https:\/\/alleegalerii.ee\/en\/wp-json\/wp\/v2\/product_tag?post=14502"}],"curies":[{"name":"wp","href":"https:\/\/api.w.org\/{rel}","templated":true}]}}