{"id":14372,"date":"2024-09-13T10:24:03","date_gmt":"2024-09-13T07:24:03","guid":{"rendered":"https:\/\/alleegalerii.ee\/?post_type=product&#038;p=14372"},"modified":"2025-01-20T21:00:06","modified_gmt":"2025-01-20T19:00:06","slug":"ado-lill-kujutlus-1987","status":"publish","type":"product","link":"https:\/\/alleegalerii.ee\/en\/shop\/ado-lill-kujutlus-1987\/","title":{"rendered":"Ado Lill &#8220;Kujutlus&#8221;, 1987"},"content":{"rendered":"","protected":false},"excerpt":{"rendered":"<p>M\u00dc\u00dcDUD.<\/p>\n<p>Ofort, akvatinta paberil.<\/p>\n<p>M\u00f5\u00f5dud: plm 19 x 12 cm<\/p>\n<p>All: &#8220;Kujutlus&#8221; ofort, akvatinta 12\/21 ALill 87.<\/p>\n<p>R\u00e4pinast p\u00e4rit mitmek\u00fclgne kunstnik Ado Lill (1932-2018) tegutses nii graafika kui maalikunsti alal. Tema hilisema, allegoorilis-groteskse v\u00f5i erootilise graafika keskmes oli mitmet\u00e4henduslik naisakt.<\/p>\n<p>Teos on m\u00fc\u00fcgil lehe kujul, soovi korral saame aidata raami valikul ja vormistamisel.<\/p>\n","protected":false},"featured_media":14373,"template":"","meta":{"_acf_changed":false},"product_brand":[],"product_cat":[61,57,59],"product_tag":[60],"class_list":{"0":"post-14372","1":"product","2":"type-product","3":"status-publish","4":"has-post-thumbnail","6":"product_cat-graafika","7":"product_cat-muudud","8":"product_cat-e-pood","9":"product_tag-e-pood","11":"first","12":"outofstock","13":"sold-individually","14":"shipping-taxable","15":"purchasable","16":"product-type-simple"},"acf":[],"_links":{"self":[{"href":"https:\/\/alleegalerii.ee\/en\/wp-json\/wp\/v2\/product\/14372","targetHints":{"allow":["GET"]}}],"collection":[{"href":"https:\/\/alleegalerii.ee\/en\/wp-json\/wp\/v2\/product"}],"about":[{"href":"https:\/\/alleegalerii.ee\/en\/wp-json\/wp\/v2\/types\/product"}],"wp:featuredmedia":[{"embeddable":true,"href":"https:\/\/alleegalerii.ee\/en\/wp-json\/wp\/v2\/media\/14373"}],"wp:attachment":[{"href":"https:\/\/alleegalerii.ee\/en\/wp-json\/wp\/v2\/media?parent=14372"}],"wp:term":[{"taxonomy":"product_brand","embeddable":true,"href":"https:\/\/alleegalerii.ee\/en\/wp-json\/wp\/v2\/product_brand?post=14372"},{"taxonomy":"product_cat","embeddable":true,"href":"https:\/\/alleegalerii.ee\/en\/wp-json\/wp\/v2\/product_cat?post=14372"},{"taxonomy":"product_tag","embeddable":true,"href":"https:\/\/alleegalerii.ee\/en\/wp-json\/wp\/v2\/product_tag?post=14372"}],"curies":[{"name":"wp","href":"https:\/\/api.w.org\/{rel}","templated":true}]}}