{"id":13888,"date":"2023-10-26T15:20:27","date_gmt":"2023-10-26T12:20:27","guid":{"rendered":"https:\/\/alleegalerii.ee\/?post_type=product&#038;p=13888"},"modified":"2023-11-14T22:07:02","modified_gmt":"2023-11-14T20:07:02","slug":"henno-arrak-aiapidu-1971","status":"publish","type":"product","link":"https:\/\/alleegalerii.ee\/en\/shop\/henno-arrak-aiapidu-1971\/","title":{"rendered":"Henno Arrak &#8220;Aiapidu&#8221;, 1971"},"content":{"rendered":"","protected":false},"excerpt":{"rendered":"<p>Ofort paberil. Raamitud.<\/p>\n<p>M\u00f5\u00f5dud: plm 33,5 x 39,2 cm, raamiga 57,5 x 61,5 cm.<\/p>\n<p>All vasakul: Aiapidu. Ofort. 16\/25 III<br \/>\nAll paremal: HArrak 1971<\/p>\n<p>Loomingulisest perest p\u00e4rit Henno Arrak (1930-2017) oli eesti graafik ning raamatukujundaja. 1949 viidi ta n\u00f5ukogudevastaste lendlehtede levitamise eest kuueks aastaks poliitvangina Kasahstani. Naastes j\u00e4tkas Arrak \u00f5pinguid ERKI-s ja l\u00f5petas selle 1963. aastal raamatugraafikuna.\u00a0Arvukate Arraku kujundatud raamatute hulka kuuluvad n\u00e4iteks Enn Kippeli \u201cMeelis\u201d (1961, 1976), Voldemar Vaga \u201cKunst Tartus XIX sajandil\u201d (1971) ning \u201cKunst Tallinnas XIX sajandil\u201d (1976).<\/p>\n<p>Vormik\u00e4sitluses oli Arrak pedant, kes armastas t\u00e4psust ja selgust. 1963. aastal ERKI\u00a0 l\u00f5petanud kunstnik sai peatselt tuntuks linooll\u00f5ikes ja plastikaatgrav\u00fc\u00fcris lehtedega. 1970. aastate algul haarab teda aga, nagu nooremat graafikute p\u00f5lvkondagi, ofordivaimustus. Nii valmib just selles tehnikas ka \u201cAiapidu\u201d, mis on Arraku poeetilisemaid, unistuslikumaid oforte.<\/p>\n","protected":false},"featured_media":13896,"template":"","meta":{"_acf_changed":false},"product_brand":[],"product_cat":[61,59],"product_tag":[60],"class_list":{"0":"post-13888","1":"product","2":"type-product","3":"status-publish","4":"has-post-thumbnail","6":"product_cat-graafika","7":"product_cat-e-pood","8":"product_tag-e-pood","10":"first","11":"instock","12":"sold-individually","13":"shipping-taxable","14":"purchasable","15":"product-type-simple"},"acf":[],"_links":{"self":[{"href":"https:\/\/alleegalerii.ee\/en\/wp-json\/wp\/v2\/product\/13888","targetHints":{"allow":["GET"]}}],"collection":[{"href":"https:\/\/alleegalerii.ee\/en\/wp-json\/wp\/v2\/product"}],"about":[{"href":"https:\/\/alleegalerii.ee\/en\/wp-json\/wp\/v2\/types\/product"}],"wp:featuredmedia":[{"embeddable":true,"href":"https:\/\/alleegalerii.ee\/en\/wp-json\/wp\/v2\/media\/13896"}],"wp:attachment":[{"href":"https:\/\/alleegalerii.ee\/en\/wp-json\/wp\/v2\/media?parent=13888"}],"wp:term":[{"taxonomy":"product_brand","embeddable":true,"href":"https:\/\/alleegalerii.ee\/en\/wp-json\/wp\/v2\/product_brand?post=13888"},{"taxonomy":"product_cat","embeddable":true,"href":"https:\/\/alleegalerii.ee\/en\/wp-json\/wp\/v2\/product_cat?post=13888"},{"taxonomy":"product_tag","embeddable":true,"href":"https:\/\/alleegalerii.ee\/en\/wp-json\/wp\/v2\/product_tag?post=13888"}],"curies":[{"name":"wp","href":"https:\/\/api.w.org\/{rel}","templated":true}]}}