{"id":13099,"date":"2023-10-18T14:49:45","date_gmt":"2023-10-18T11:49:45","guid":{"rendered":"https:\/\/alleegalerii.ee\/?post_type=product&#038;p=13099"},"modified":"2024-01-27T12:57:44","modified_gmt":"2024-01-27T10:57:44","slug":"boris-ninemae-linna-kingsepad","status":"publish","type":"product","link":"https:\/\/alleegalerii.ee\/en\/shop\/boris-ninemae-linna-kingsepad\/","title":{"rendered":"Boris Ninem\u00e4e &#8220;Linna kingsepad&#8221;"},"content":{"rendered":"","protected":false},"excerpt":{"rendered":"<p>M\u00dc\u00dcDUD<\/p>\n<p>\u00d5li l\u00f5uendil. Raamitud.<\/p>\n<p>M\u00f5\u00f5dud: 38 x 46 cm, raamiga 56 x 64 cm.<\/p>\n<p>All vasakul: NINEMAE<br \/>\nP\u00f6\u00f6rdel: Skomakarna i stan<\/p>\n<p><span style=\"font-weight: 400;\">V\u00e4liseesti kunstniku Boris Ninem\u00e4e (1925-1991) teostel leiame ikka ja j\u00e4lle inimesed. Ta kujutab oma modelle nende igap\u00e4evaste tegemiste juures, sageli rannas, p\u00f5llul v\u00f5i nagu k\u00e4esoleval teosel &#8211; kingsepa t\u00f6\u00f6kojas. Pastoosne v\u00e4rvipind lisab teostele s\u00fcgavust ning v\u00f5imendab kohalolu tunnet.<\/span><\/p>\n","protected":false},"featured_media":13101,"template":"","meta":{"_acf_changed":false},"product_brand":[],"product_cat":[415,56,57,59],"product_tag":[60],"class_list":{"0":"post-13099","1":"product","2":"type-product","3":"status-publish","4":"has-post-thumbnail","6":"product_cat-maal","7":"product_cat-olimaal","8":"product_cat-muudud","9":"product_cat-e-pood","10":"product_tag-e-pood","12":"first","13":"outofstock","14":"sold-individually","15":"shipping-taxable","16":"product-type-simple"},"acf":[],"_links":{"self":[{"href":"https:\/\/alleegalerii.ee\/en\/wp-json\/wp\/v2\/product\/13099","targetHints":{"allow":["GET"]}}],"collection":[{"href":"https:\/\/alleegalerii.ee\/en\/wp-json\/wp\/v2\/product"}],"about":[{"href":"https:\/\/alleegalerii.ee\/en\/wp-json\/wp\/v2\/types\/product"}],"wp:featuredmedia":[{"embeddable":true,"href":"https:\/\/alleegalerii.ee\/en\/wp-json\/wp\/v2\/media\/13101"}],"wp:attachment":[{"href":"https:\/\/alleegalerii.ee\/en\/wp-json\/wp\/v2\/media?parent=13099"}],"wp:term":[{"taxonomy":"product_brand","embeddable":true,"href":"https:\/\/alleegalerii.ee\/en\/wp-json\/wp\/v2\/product_brand?post=13099"},{"taxonomy":"product_cat","embeddable":true,"href":"https:\/\/alleegalerii.ee\/en\/wp-json\/wp\/v2\/product_cat?post=13099"},{"taxonomy":"product_tag","embeddable":true,"href":"https:\/\/alleegalerii.ee\/en\/wp-json\/wp\/v2\/product_tag?post=13099"}],"curies":[{"name":"wp","href":"https:\/\/api.w.org\/{rel}","templated":true}]}}