{"id":12988,"date":"2023-10-13T17:47:02","date_gmt":"2023-10-13T14:47:02","guid":{"rendered":"https:\/\/alleegalerii.ee\/?post_type=product&#038;p=12988"},"modified":"2024-01-29T15:35:24","modified_gmt":"2024-01-29T13:35:24","slug":"roman-nyman-seisev-meesakt-1923","status":"publish","type":"product","link":"https:\/\/alleegalerii.ee\/en\/shop\/roman-nyman-seisev-meesakt-1923\/","title":{"rendered":"Roman Nyman &#8220;Seisev meesakt&#8221;, 1923"},"content":{"rendered":"","protected":false},"excerpt":{"rendered":"<p>Pliiats paberil. Raamitud.<\/p>\n<p>M\u00f5\u00f5dud: lm 32 x 22,3 cm, raamiga 52,5 x 40 cm.<\/p>\n<p>Paremal keskel: 6. XI. 23<\/p>\n<p>Maali- ja teatrikunstnik Roman Nyman (1881-1951) oli eesti \u00fcks esimesi kutselisi teatrikunstnikke. Tervislikel p\u00f5hjustel pidi ta teatrit\u00f6\u00f6st loobuma, kuid kunstiga j\u00e4tkas kogu elu ning sai t\u00e4nu vabanenud ajale p\u00fchendada end t\u00e4ielikult maalile ja akvarellile.<\/p>\n<p>1923. aastal reisiski ta tervise parandamise eesm\u00e4rkidel L\u00f5una-Euroopasse. Reisi ajal valmisid vaid \u00fcksikud maalid, enamasti talletas ta praktilistel p\u00f5hjustel pigem ideid pliiatsiga plokkidesse. Andeka kunstniku loomepagasis on ka need aga iseseisvaks kunstiliseks v\u00e4\u00e4rtuseks.<\/p>\n","protected":false},"featured_media":12990,"template":"","meta":{"_acf_changed":false},"product_brand":[],"product_cat":[62,57,59],"product_tag":[60],"class_list":{"0":"post-12988","1":"product","2":"type-product","3":"status-publish","4":"has-post-thumbnail","6":"product_cat-joonistus","7":"product_cat-muudud","8":"product_cat-e-pood","9":"product_tag-e-pood","11":"first","12":"outofstock","13":"sold-individually","14":"shipping-taxable","15":"purchasable","16":"product-type-simple"},"acf":[],"_links":{"self":[{"href":"https:\/\/alleegalerii.ee\/en\/wp-json\/wp\/v2\/product\/12988","targetHints":{"allow":["GET"]}}],"collection":[{"href":"https:\/\/alleegalerii.ee\/en\/wp-json\/wp\/v2\/product"}],"about":[{"href":"https:\/\/alleegalerii.ee\/en\/wp-json\/wp\/v2\/types\/product"}],"wp:featuredmedia":[{"embeddable":true,"href":"https:\/\/alleegalerii.ee\/en\/wp-json\/wp\/v2\/media\/12990"}],"wp:attachment":[{"href":"https:\/\/alleegalerii.ee\/en\/wp-json\/wp\/v2\/media?parent=12988"}],"wp:term":[{"taxonomy":"product_brand","embeddable":true,"href":"https:\/\/alleegalerii.ee\/en\/wp-json\/wp\/v2\/product_brand?post=12988"},{"taxonomy":"product_cat","embeddable":true,"href":"https:\/\/alleegalerii.ee\/en\/wp-json\/wp\/v2\/product_cat?post=12988"},{"taxonomy":"product_tag","embeddable":true,"href":"https:\/\/alleegalerii.ee\/en\/wp-json\/wp\/v2\/product_tag?post=12988"}],"curies":[{"name":"wp","href":"https:\/\/api.w.org\/{rel}","templated":true}]}}