{"id":12935,"date":"2023-10-06T16:32:46","date_gmt":"2023-10-06T13:32:46","guid":{"rendered":"https:\/\/alleegalerii.ee\/?post_type=product&#038;p=12935"},"modified":"2023-12-21T13:49:13","modified_gmt":"2023-12-21T11:49:13","slug":"peeter-ulas-otepaa-maastik-1971","status":"publish","type":"product","link":"https:\/\/alleegalerii.ee\/en\/shop\/peeter-ulas-otepaa-maastik-1971\/","title":{"rendered":"Peeter Ulas &#8220;Otep\u00e4\u00e4 maastik&#8221;, 1971"},"content":{"rendered":"","protected":false},"excerpt":{"rendered":"<p>Pehmelakk paberil.<\/p>\n<p>M\u00f5\u00f5dud: plm 24 x 31,2 cm.<\/p>\n<p>All vasakul: VI All paremal: P. Ulas<\/p>\n<p>M\u00fc\u00fcgil lehe kujul, soovi korral saame aidata raami valikul ja vormistamisel.<\/p>\n<p>Peeter Ulast (1934-2008) on nimetatud \u00fcheks Eesti graafika uuendajatest. Ometigi p\u00f5hines tema natuurist l\u00e4htuv looming looduse \u00fcrgsel j\u00f5ul ning siinsel rahvuskultuuril.<\/p>\n<p>&#8220;Otep\u00e4\u00e4 maastikust&#8221; \u00f5hkub just taolist \u00fcrgset j\u00f5udu. L\u00f5una-Eesti maastiku kumerused on peegeldunud pilvedes ning v\u00e4ljendavad l\u00e4bi pehmelaki sametise s\u00fcgavuse p\u00f5hjamaist kargust.<\/p>\n","protected":false},"featured_media":12946,"template":"","meta":{"_acf_changed":false},"product_brand":[],"product_cat":[61,59],"product_tag":[60],"class_list":{"0":"post-12935","1":"product","2":"type-product","3":"status-publish","4":"has-post-thumbnail","6":"product_cat-graafika","7":"product_cat-e-pood","8":"product_tag-e-pood","10":"first","11":"instock","12":"sold-individually","13":"shipping-taxable","14":"purchasable","15":"product-type-simple"},"acf":[],"_links":{"self":[{"href":"https:\/\/alleegalerii.ee\/en\/wp-json\/wp\/v2\/product\/12935","targetHints":{"allow":["GET"]}}],"collection":[{"href":"https:\/\/alleegalerii.ee\/en\/wp-json\/wp\/v2\/product"}],"about":[{"href":"https:\/\/alleegalerii.ee\/en\/wp-json\/wp\/v2\/types\/product"}],"wp:featuredmedia":[{"embeddable":true,"href":"https:\/\/alleegalerii.ee\/en\/wp-json\/wp\/v2\/media\/12946"}],"wp:attachment":[{"href":"https:\/\/alleegalerii.ee\/en\/wp-json\/wp\/v2\/media?parent=12935"}],"wp:term":[{"taxonomy":"product_brand","embeddable":true,"href":"https:\/\/alleegalerii.ee\/en\/wp-json\/wp\/v2\/product_brand?post=12935"},{"taxonomy":"product_cat","embeddable":true,"href":"https:\/\/alleegalerii.ee\/en\/wp-json\/wp\/v2\/product_cat?post=12935"},{"taxonomy":"product_tag","embeddable":true,"href":"https:\/\/alleegalerii.ee\/en\/wp-json\/wp\/v2\/product_tag?post=12935"}],"curies":[{"name":"wp","href":"https:\/\/api.w.org\/{rel}","templated":true}]}}