{"id":12933,"date":"2023-10-12T23:00:03","date_gmt":"2023-10-12T20:00:03","guid":{"rendered":"https:\/\/alleegalerii.ee\/?post_type=product&#038;p=12933"},"modified":"2026-01-16T17:14:23","modified_gmt":"2026-01-16T15:14:23","slug":"kaljo-polli-nihvitar-tsaivost","status":"publish","type":"product","link":"https:\/\/alleegalerii.ee\/en\/shop\/kaljo-polli-nihvitar-tsaivost\/","title":{"rendered":"Kaljo Polli &#8220;Nihvitar T\u0161aivost&#8221;"},"content":{"rendered":"","protected":false},"excerpt":{"rendered":"<p>\u00d5li vineeril. Raamitud<\/p>\n<p>M\u00f5\u00f5dud: 56,5 x 40 cm, raamiga 62 x 45,5 cm.<\/p>\n<p>All paremal: Polli<\/p>\n<p>P\u00f6\u00f6rdel: NIHVITAR T\u0160AIVOST (SAHHALINILT)<\/p>\n<p>Johannes V\u00f5erahansu k\u00e4e all maalikunstnikuks kujunenud Kaljo Polli (1928-2004) peent kolorismitaju on tunda l\u00e4bi tema loomingu.<\/p>\n","protected":false},"featured_media":12937,"template":"","meta":{"_acf_changed":false},"product_brand":[],"product_cat":[59],"product_tag":[60],"class_list":{"0":"post-12933","1":"product","2":"type-product","3":"status-publish","4":"has-post-thumbnail","6":"product_cat-e-pood","7":"product_tag-e-pood","9":"first","10":"instock","11":"sold-individually","12":"shipping-taxable","13":"purchasable","14":"product-type-simple"},"acf":[],"_links":{"self":[{"href":"https:\/\/alleegalerii.ee\/en\/wp-json\/wp\/v2\/product\/12933","targetHints":{"allow":["GET"]}}],"collection":[{"href":"https:\/\/alleegalerii.ee\/en\/wp-json\/wp\/v2\/product"}],"about":[{"href":"https:\/\/alleegalerii.ee\/en\/wp-json\/wp\/v2\/types\/product"}],"wp:featuredmedia":[{"embeddable":true,"href":"https:\/\/alleegalerii.ee\/en\/wp-json\/wp\/v2\/media\/12937"}],"wp:attachment":[{"href":"https:\/\/alleegalerii.ee\/en\/wp-json\/wp\/v2\/media?parent=12933"}],"wp:term":[{"taxonomy":"product_brand","embeddable":true,"href":"https:\/\/alleegalerii.ee\/en\/wp-json\/wp\/v2\/product_brand?post=12933"},{"taxonomy":"product_cat","embeddable":true,"href":"https:\/\/alleegalerii.ee\/en\/wp-json\/wp\/v2\/product_cat?post=12933"},{"taxonomy":"product_tag","embeddable":true,"href":"https:\/\/alleegalerii.ee\/en\/wp-json\/wp\/v2\/product_tag?post=12933"}],"curies":[{"name":"wp","href":"https:\/\/api.w.org\/{rel}","templated":true}]}}