{"id":12932,"date":"2023-10-08T10:15:26","date_gmt":"2023-10-08T07:15:26","guid":{"rendered":"https:\/\/alleegalerii.ee\/?post_type=product&#038;p=12932"},"modified":"2025-12-18T16:48:45","modified_gmt":"2025-12-18T14:48:45","slug":"aleksander-pilar-kevadine-mets-1958","status":"publish","type":"product","link":"https:\/\/alleegalerii.ee\/en\/shop\/aleksander-pilar-kevadine-mets-1958\/","title":{"rendered":"Aleksander Pilar &#8220;Kevadine mets&#8221;, 1958"},"content":{"rendered":"","protected":false},"excerpt":{"rendered":"<p>Akvarell paberil. Raamitud (soovitame raami vahetust).<\/p>\n<p>M\u00f5\u00f5dud: ava 50 x 41,5 cm, raamiga 70,5 x 62 cm.<\/p>\n<p>All vasakul: Pilar 58<\/p>\n<p>Baltisaksa aadlisuguv\u00f5sast p\u00e4rit Aleksander Pilar (1912-1989) oli eesti akvarellmaali Grand Old Man, kes aastak\u00fcmneid j\u00e4\u00e4dvustas nii Tallinna kui Eesti loodust, kelle teoseid oodati alati suure huviga \u00fclevaaten\u00e4itustele. Tema eriline tehnika kanda v\u00e4rv alusele kleebitud m\u00e4rjale paberile leidis j\u00e4rgijaid ka tema \u00f5pilaste seas.<\/p>\n","protected":false},"featured_media":12941,"template":"","meta":{"_acf_changed":false},"product_brand":[],"product_cat":[415,54,59],"product_tag":[60],"class_list":{"0":"post-12932","1":"product","2":"type-product","3":"status-publish","4":"has-post-thumbnail","6":"product_cat-maal","7":"product_cat-akvarell","8":"product_cat-e-pood","9":"product_tag-e-pood","11":"first","12":"instock","13":"shipping-taxable","14":"purchasable","15":"product-type-simple"},"acf":[],"_links":{"self":[{"href":"https:\/\/alleegalerii.ee\/en\/wp-json\/wp\/v2\/product\/12932","targetHints":{"allow":["GET"]}}],"collection":[{"href":"https:\/\/alleegalerii.ee\/en\/wp-json\/wp\/v2\/product"}],"about":[{"href":"https:\/\/alleegalerii.ee\/en\/wp-json\/wp\/v2\/types\/product"}],"wp:featuredmedia":[{"embeddable":true,"href":"https:\/\/alleegalerii.ee\/en\/wp-json\/wp\/v2\/media\/12941"}],"wp:attachment":[{"href":"https:\/\/alleegalerii.ee\/en\/wp-json\/wp\/v2\/media?parent=12932"}],"wp:term":[{"taxonomy":"product_brand","embeddable":true,"href":"https:\/\/alleegalerii.ee\/en\/wp-json\/wp\/v2\/product_brand?post=12932"},{"taxonomy":"product_cat","embeddable":true,"href":"https:\/\/alleegalerii.ee\/en\/wp-json\/wp\/v2\/product_cat?post=12932"},{"taxonomy":"product_tag","embeddable":true,"href":"https:\/\/alleegalerii.ee\/en\/wp-json\/wp\/v2\/product_tag?post=12932"}],"curies":[{"name":"wp","href":"https:\/\/api.w.org\/{rel}","templated":true}]}}