{"id":12916,"date":"2023-09-30T14:16:17","date_gmt":"2023-09-30T11:16:17","guid":{"rendered":"https:\/\/alleegalerii.ee\/?post_type=product&#038;p=12916"},"modified":"2024-12-04T17:23:13","modified_gmt":"2024-12-04T15:23:13","slug":"erich-pehap-oranz-ja-sinine-1979","status":"publish","type":"product","link":"https:\/\/alleegalerii.ee\/en\/shop\/erich-pehap-oranz-ja-sinine-1979\/","title":{"rendered":"Erich Pehap &#8220;Oran\u017e ja sinine&#8221;, 1979"},"content":{"rendered":"","protected":false},"excerpt":{"rendered":"<p>M\u00dc\u00dcDUD.<\/p>\n<p>Reljeeftr\u00fckk paberil.<\/p>\n<p>M\u00fc\u00fcgil lehe kujul, soovi korral saame aidata raami valikul ja vormistamisel.<\/p>\n<p>M\u00f5\u00f5dud: plm 35,5 x 25,5 cm.<\/p>\n<p>All vasakul: 2\/4 Relieef print<br \/>\nAll paremal: E. Pehap 1979<\/p>\n<p>M\u00fc\u00fcgil lehe kujul, soovi korral saame aidata raami valikul ja vormistamisel.<\/p>\n<p>Erich Pehapi (1912-1981) kunstihariduse teekond on omamoodi p\u00f5nev j\u00e4lgimine. Ta on \u00f5ppinud nii graafikat, maali kui keraamikat ja seda nii Eestis kui v\u00e4lismaal. S\u00f5ja t\u00f5ttu Kanadasse emigreerunud Pehap armastas katsetada nii tehnika kui kompositsiooni vallas, mille heaks t\u00f5estuseks on abstraktsete vormidega m\u00e4ngiv &#8220;Oran\u017e ja sinine&#8221;.<\/p>\n<p>&nbsp;<\/p>\n","protected":false},"featured_media":12924,"template":"","meta":{"_acf_changed":false},"product_brand":[],"product_cat":[61,57,59],"product_tag":[60],"class_list":{"0":"post-12916","1":"product","2":"type-product","3":"status-publish","4":"has-post-thumbnail","6":"product_cat-graafika","7":"product_cat-muudud","8":"product_cat-e-pood","9":"product_tag-e-pood","11":"first","12":"outofstock","13":"sold-individually","14":"shipping-taxable","15":"purchasable","16":"product-type-simple"},"acf":[],"_links":{"self":[{"href":"https:\/\/alleegalerii.ee\/en\/wp-json\/wp\/v2\/product\/12916","targetHints":{"allow":["GET"]}}],"collection":[{"href":"https:\/\/alleegalerii.ee\/en\/wp-json\/wp\/v2\/product"}],"about":[{"href":"https:\/\/alleegalerii.ee\/en\/wp-json\/wp\/v2\/types\/product"}],"wp:featuredmedia":[{"embeddable":true,"href":"https:\/\/alleegalerii.ee\/en\/wp-json\/wp\/v2\/media\/12924"}],"wp:attachment":[{"href":"https:\/\/alleegalerii.ee\/en\/wp-json\/wp\/v2\/media?parent=12916"}],"wp:term":[{"taxonomy":"product_brand","embeddable":true,"href":"https:\/\/alleegalerii.ee\/en\/wp-json\/wp\/v2\/product_brand?post=12916"},{"taxonomy":"product_cat","embeddable":true,"href":"https:\/\/alleegalerii.ee\/en\/wp-json\/wp\/v2\/product_cat?post=12916"},{"taxonomy":"product_tag","embeddable":true,"href":"https:\/\/alleegalerii.ee\/en\/wp-json\/wp\/v2\/product_tag?post=12916"}],"curies":[{"name":"wp","href":"https:\/\/api.w.org\/{rel}","templated":true}]}}