{"id":12914,"date":"2023-10-03T18:33:03","date_gmt":"2023-10-03T15:33:03","guid":{"rendered":"https:\/\/alleegalerii.ee\/?post_type=product&#038;p=12914"},"modified":"2025-05-21T11:54:55","modified_gmt":"2025-05-21T08:54:55","slug":"erich-pehap-varviline-veski-1979","status":"publish","type":"product","link":"https:\/\/alleegalerii.ee\/en\/shop\/erich-pehap-varviline-veski-1979\/","title":{"rendered":"Erich Pehap &#8220;V\u00e4rviline veski&#8221;, 1979"},"content":{"rendered":"","protected":false},"excerpt":{"rendered":"<p>Reljeeftr\u00fckk paberil.<\/p>\n<p>M\u00f5\u00f5dud: plm 36,4 x 28,5 cm.<\/p>\n<p>All vasakul: 9\/12 Relief print<br \/>\nAll paremal: E. Pehap 1979<\/p>\n<p>M\u00fc\u00fcgil lehe kujul, soovi korral saame aidata raami valikul ja vormistamisel.<\/p>\n<p>Erich Pehap (1912-1981) on \u00f5ppinud nii graafikat, maali kui keraamikat ja seda nii Eestis kui v\u00e4lismaal. 2022. aasta s\u00fcgisel Allees toimunud Pehapi m\u00e4lestusn\u00e4ituski t\u00f5estas selle mitmekesise kunstniku andekust mitmel rindel.<\/p>\n<p>&#8220;V\u00e4rviline veski&#8221; m\u00e4ngib kolmnurga ja ringi kujunditega, moodustades tuuleveski s\u00fcmboli, mis t\u00f5i s\u00f5ja t\u00f5ttu Kanadasse emigreerunud kunstniku m\u00f5tetes tagasi kodusesse Eestisse.<\/p>\n","protected":false},"featured_media":12922,"template":"","meta":{"_acf_changed":false},"product_brand":[],"product_cat":[61,57,59],"product_tag":[60],"class_list":{"0":"post-12914","1":"product","2":"type-product","3":"status-publish","4":"has-post-thumbnail","6":"product_cat-graafika","7":"product_cat-muudud","8":"product_cat-e-pood","9":"product_tag-e-pood","11":"first","12":"outofstock","13":"sold-individually","14":"shipping-taxable","15":"purchasable","16":"product-type-simple"},"acf":[],"_links":{"self":[{"href":"https:\/\/alleegalerii.ee\/en\/wp-json\/wp\/v2\/product\/12914","targetHints":{"allow":["GET"]}}],"collection":[{"href":"https:\/\/alleegalerii.ee\/en\/wp-json\/wp\/v2\/product"}],"about":[{"href":"https:\/\/alleegalerii.ee\/en\/wp-json\/wp\/v2\/types\/product"}],"wp:featuredmedia":[{"embeddable":true,"href":"https:\/\/alleegalerii.ee\/en\/wp-json\/wp\/v2\/media\/12922"}],"wp:attachment":[{"href":"https:\/\/alleegalerii.ee\/en\/wp-json\/wp\/v2\/media?parent=12914"}],"wp:term":[{"taxonomy":"product_brand","embeddable":true,"href":"https:\/\/alleegalerii.ee\/en\/wp-json\/wp\/v2\/product_brand?post=12914"},{"taxonomy":"product_cat","embeddable":true,"href":"https:\/\/alleegalerii.ee\/en\/wp-json\/wp\/v2\/product_cat?post=12914"},{"taxonomy":"product_tag","embeddable":true,"href":"https:\/\/alleegalerii.ee\/en\/wp-json\/wp\/v2\/product_tag?post=12914"}],"curies":[{"name":"wp","href":"https:\/\/api.w.org\/{rel}","templated":true}]}}