{"id":12913,"date":"2023-09-29T15:18:56","date_gmt":"2023-09-29T12:18:56","guid":{"rendered":"https:\/\/alleegalerii.ee\/?post_type=product&#038;p=12913"},"modified":"2026-01-16T15:13:01","modified_gmt":"2026-01-16T13:13:01","slug":"kai-kaljo-rukkipold-leevi-kulas-polvamaal-2023","status":"publish","type":"product","link":"https:\/\/alleegalerii.ee\/en\/shop\/kai-kaljo-rukkipold-leevi-kulas-polvamaal-2023\/","title":{"rendered":"Kai Kaljo \u201cRukkip\u00f5ld Leevi k\u00fclas P\u00f5lvamaal\u201d, 2023"},"content":{"rendered":"","protected":false},"excerpt":{"rendered":"<p>\u00d5li l\u00f5uendil.<\/p>\n<p>M\u00f5\u00f5dud: 30 x 35 cm.<\/p>\n<p>All vasakul: Kai Kaljo 23<br \/>\nP\u00f6\u00f6rdel alusraamil: RUKKIP\u00d5LD LEEVI K\u00dcLAS P\u00d5LVAMAAL, August 2023 Kai Kaljo<\/p>\n<p>Maali-, installatsiooni- ja videokunstnik Kai Kaljo (s 1959) on p\u00e4lvinud nii Kristjan Raua preemia kui Eesti Kultuurkapitali kujutava ja rakenduskunsti sihtkapitali aastapreemia. Tema rahvusvaheline karj\u00e4\u00e4r sai hoo sisse peale 1997. aastal valminud ikoonilist videot \u201cLuuser\u201d, milles ta ameerikalike naerupahvakate taustal jutustab enda loo kunstnikuks olemise igap\u00e4evast. Kaljo teoseid on kollektsioneerinud lisaks Eestile mitmed mainekad Euroopa muuseumid.<\/p>\n<p>Eestimaa loodusest inspireeritud Kaljo oskab leida p\u00f5nevaid vaatenurki, hinnata argiste objektide ilu ja v\u00e4\u00e4rtust.<\/p>\n","protected":false},"featured_media":12953,"template":"","meta":{"_acf_changed":false},"product_brand":[],"product_cat":[415,56,59],"product_tag":[60],"class_list":{"0":"post-12913","1":"product","2":"type-product","3":"status-publish","4":"has-post-thumbnail","6":"product_cat-maal","7":"product_cat-olimaal","8":"product_cat-e-pood","9":"product_tag-e-pood","11":"first","12":"instock","13":"sold-individually","14":"shipping-taxable","15":"purchasable","16":"product-type-simple"},"acf":[],"_links":{"self":[{"href":"https:\/\/alleegalerii.ee\/en\/wp-json\/wp\/v2\/product\/12913","targetHints":{"allow":["GET"]}}],"collection":[{"href":"https:\/\/alleegalerii.ee\/en\/wp-json\/wp\/v2\/product"}],"about":[{"href":"https:\/\/alleegalerii.ee\/en\/wp-json\/wp\/v2\/types\/product"}],"wp:featuredmedia":[{"embeddable":true,"href":"https:\/\/alleegalerii.ee\/en\/wp-json\/wp\/v2\/media\/12953"}],"wp:attachment":[{"href":"https:\/\/alleegalerii.ee\/en\/wp-json\/wp\/v2\/media?parent=12913"}],"wp:term":[{"taxonomy":"product_brand","embeddable":true,"href":"https:\/\/alleegalerii.ee\/en\/wp-json\/wp\/v2\/product_brand?post=12913"},{"taxonomy":"product_cat","embeddable":true,"href":"https:\/\/alleegalerii.ee\/en\/wp-json\/wp\/v2\/product_cat?post=12913"},{"taxonomy":"product_tag","embeddable":true,"href":"https:\/\/alleegalerii.ee\/en\/wp-json\/wp\/v2\/product_tag?post=12913"}],"curies":[{"name":"wp","href":"https:\/\/api.w.org\/{rel}","templated":true}]}}