{"id":12912,"date":"2023-09-29T15:16:25","date_gmt":"2023-09-29T12:16:25","guid":{"rendered":"https:\/\/alleegalerii.ee\/?post_type=product&#038;p=12912"},"modified":"2024-10-24T14:10:52","modified_gmt":"2024-10-24T11:10:52","slug":"kai-kaljo-paikesetous-lihtensteini-kulas-polvamaal-2023","status":"publish","type":"product","link":"https:\/\/alleegalerii.ee\/en\/shop\/kai-kaljo-paikesetous-lihtensteini-kulas-polvamaal-2023\/","title":{"rendered":"Kai Kaljo \u201cP\u00e4ikeset\u00f5us Lihtensteini k\u00fclas P\u00f5lvamaal\u201d, 2023"},"content":{"rendered":"","protected":false},"excerpt":{"rendered":"<p>\u00d5li l\u00f5uendil.<\/p>\n<p>M\u00f5\u00f5dud: 30 x 35 cm.<\/p>\n<p>All vasakul: Kai Kaljo<br \/>\nP\u00f6\u00f6rdel alusraamil: P\u00c4IKESET\u00d5US LIHTENSTEINI K\u00dcLAS P\u00d5LVAMAAL, AUGUST 2023 Kai Kaljo<\/p>\n<p>Iga\u00fcks, kes on keset Eestimaa loodust suvisel varahommikul \u00e4rganud, teab neid joovastavalt k\u00fcpseid l\u00f5hnu ning peagi \u00e4rkavate lindude, loomade ja putukate kristallselgelt k\u00f5lavaid h\u00e4\u00e4li, mis v\u00f5imenduvad maad aina laiemalt katvate p\u00e4ikesekiirte ees. L\u00f5una-Eesti \u00fcmarate maastikuvormide pehmus on kandunud ka Kai Kaljo teosele &#8220;P\u00e4ikeset\u00f5us Lihtensteini k\u00fclas P\u00f5lvamaal&#8221;, kus viirastuslikult tuules \u00f5\u00f5tsuvad vilja\u00f5isikud kutsuvad neid \u00f5rnalt paitama ning tunnetama looduse v\u00e4ge.<\/p>\n","protected":false},"featured_media":12950,"template":"","meta":{"_acf_changed":false},"product_brand":[],"product_cat":[415,56,57,59],"product_tag":[60],"class_list":{"0":"post-12912","1":"product","2":"type-product","3":"status-publish","4":"has-post-thumbnail","6":"product_cat-maal","7":"product_cat-olimaal","8":"product_cat-muudud","9":"product_cat-e-pood","10":"product_tag-e-pood","12":"first","13":"outofstock","14":"sold-individually","15":"shipping-taxable","16":"purchasable","17":"product-type-simple"},"acf":[],"_links":{"self":[{"href":"https:\/\/alleegalerii.ee\/en\/wp-json\/wp\/v2\/product\/12912","targetHints":{"allow":["GET"]}}],"collection":[{"href":"https:\/\/alleegalerii.ee\/en\/wp-json\/wp\/v2\/product"}],"about":[{"href":"https:\/\/alleegalerii.ee\/en\/wp-json\/wp\/v2\/types\/product"}],"wp:featuredmedia":[{"embeddable":true,"href":"https:\/\/alleegalerii.ee\/en\/wp-json\/wp\/v2\/media\/12950"}],"wp:attachment":[{"href":"https:\/\/alleegalerii.ee\/en\/wp-json\/wp\/v2\/media?parent=12912"}],"wp:term":[{"taxonomy":"product_brand","embeddable":true,"href":"https:\/\/alleegalerii.ee\/en\/wp-json\/wp\/v2\/product_brand?post=12912"},{"taxonomy":"product_cat","embeddable":true,"href":"https:\/\/alleegalerii.ee\/en\/wp-json\/wp\/v2\/product_cat?post=12912"},{"taxonomy":"product_tag","embeddable":true,"href":"https:\/\/alleegalerii.ee\/en\/wp-json\/wp\/v2\/product_tag?post=12912"}],"curies":[{"name":"wp","href":"https:\/\/api.w.org\/{rel}","templated":true}]}}