{"id":12885,"date":"2023-09-16T14:12:25","date_gmt":"2023-09-16T11:12:25","guid":{"rendered":"https:\/\/alleegalerii.ee\/?post_type=product&#038;p=12885"},"modified":"2023-11-14T22:07:03","modified_gmt":"2023-11-14T20:07:03","slug":"rene-kari-rk-xxxi-variatsioon-2002","status":"publish","type":"product","link":"https:\/\/alleegalerii.ee\/en\/shop\/rene-kari-rk-xxxi-variatsioon-2002\/","title":{"rendered":"Rene Kari &#8220;RK-XXXI variatsioon&#8221;, 2002"},"content":{"rendered":"","protected":false},"excerpt":{"rendered":"<p>\u00d5li kartongil. Raamitud.<\/p>\n<p>M\u00f5\u00f5dud: 42 x 52 cm, raamiga 47 x 57 cm.<\/p>\n<p>All vasakul: RK02<br \/>\nP\u00f6\u00f6rdel raamil: Rene Kari &#8220;RK-XXXI&#8221; variatsioon A 2002 \u00f5li kartongil<\/p>\n<p>Rene Kari (s 1950) korraga nii loob kunsti kui on l\u00e4bi oma teadlikult antiikskulptuuriks vormitud keha ka ise kunst. Tema abstraktseisse teosteisse s\u00fcvenedes leiame neist t\u00e4iusliku korrastatuse ja puhtuse, s\u00fcgavate eneseotsingute organiseeritud tulemi.<\/p>\n","protected":false},"featured_media":12889,"template":"","meta":{"_acf_changed":false},"product_brand":[],"product_cat":[415,56,59],"product_tag":[60],"class_list":{"0":"post-12885","1":"product","2":"type-product","3":"status-publish","4":"has-post-thumbnail","6":"product_cat-maal","7":"product_cat-olimaal","8":"product_cat-e-pood","9":"product_tag-e-pood","11":"first","12":"instock","13":"sold-individually","14":"shipping-taxable","15":"purchasable","16":"product-type-simple"},"acf":[],"_links":{"self":[{"href":"https:\/\/alleegalerii.ee\/en\/wp-json\/wp\/v2\/product\/12885","targetHints":{"allow":["GET"]}}],"collection":[{"href":"https:\/\/alleegalerii.ee\/en\/wp-json\/wp\/v2\/product"}],"about":[{"href":"https:\/\/alleegalerii.ee\/en\/wp-json\/wp\/v2\/types\/product"}],"wp:featuredmedia":[{"embeddable":true,"href":"https:\/\/alleegalerii.ee\/en\/wp-json\/wp\/v2\/media\/12889"}],"wp:attachment":[{"href":"https:\/\/alleegalerii.ee\/en\/wp-json\/wp\/v2\/media?parent=12885"}],"wp:term":[{"taxonomy":"product_brand","embeddable":true,"href":"https:\/\/alleegalerii.ee\/en\/wp-json\/wp\/v2\/product_brand?post=12885"},{"taxonomy":"product_cat","embeddable":true,"href":"https:\/\/alleegalerii.ee\/en\/wp-json\/wp\/v2\/product_cat?post=12885"},{"taxonomy":"product_tag","embeddable":true,"href":"https:\/\/alleegalerii.ee\/en\/wp-json\/wp\/v2\/product_tag?post=12885"}],"curies":[{"name":"wp","href":"https:\/\/api.w.org\/{rel}","templated":true}]}}