{"id":12877,"date":"2023-09-16T13:53:49","date_gmt":"2023-09-16T10:53:49","guid":{"rendered":"https:\/\/alleegalerii.ee\/?post_type=product&#038;p=12877"},"modified":"2026-03-29T22:52:43","modified_gmt":"2026-03-29T19:52:43","slug":"rutt-tulving-heade-motete-tuules-1967","status":"publish","type":"product","link":"https:\/\/alleegalerii.ee\/en\/shop\/rutt-tulving-heade-motete-tuules-1967\/","title":{"rendered":"Ruth Tulving &#8220;Heade m\u00f5tete tuules&#8221;, 1967"},"content":{"rendered":"","protected":false},"excerpt":{"rendered":"<p>Segatehnika paberil. Raamitud.<\/p>\n<p>M\u00f5\u00f5dud: ava 23 x 35 cm, raamiga 39,3 x 51,5 cm.<\/p>\n<p>All vasakul: R. Tulving 67<\/p>\n<p>V\u00e4liseesti pagulaskunstnik Rutt (ka Ruth) Tulving lahkus Eestist 1944. aastal. Emalt Hilda Mikkelsaarelt kunstigeenid saanud Tulving asus elama Kanadasse, kus j\u00e4tkas enda pideva kunstialase t\u00e4iendamise k\u00f5rval ka aktiivset loometegevust. Just seal kujunes temast tunnustatud lektor ja kunstipedagoog ning 1977. aastal valiti ta Kanada Kuningliku Kunstiakadeemia liikmeks.<\/p>\n","protected":false},"featured_media":12878,"template":"","meta":{"_acf_changed":false},"product_brand":[],"product_cat":[415,59,93],"product_tag":[60],"class_list":{"0":"post-12877","1":"product","2":"type-product","3":"status-publish","4":"has-post-thumbnail","6":"product_cat-maal","7":"product_cat-e-pood","8":"product_cat-segatehnika","9":"product_tag-e-pood","11":"first","12":"instock","13":"sold-individually","14":"shipping-taxable","15":"purchasable","16":"product-type-simple"},"acf":[],"_links":{"self":[{"href":"https:\/\/alleegalerii.ee\/en\/wp-json\/wp\/v2\/product\/12877","targetHints":{"allow":["GET"]}}],"collection":[{"href":"https:\/\/alleegalerii.ee\/en\/wp-json\/wp\/v2\/product"}],"about":[{"href":"https:\/\/alleegalerii.ee\/en\/wp-json\/wp\/v2\/types\/product"}],"wp:featuredmedia":[{"embeddable":true,"href":"https:\/\/alleegalerii.ee\/en\/wp-json\/wp\/v2\/media\/12878"}],"wp:attachment":[{"href":"https:\/\/alleegalerii.ee\/en\/wp-json\/wp\/v2\/media?parent=12877"}],"wp:term":[{"taxonomy":"product_brand","embeddable":true,"href":"https:\/\/alleegalerii.ee\/en\/wp-json\/wp\/v2\/product_brand?post=12877"},{"taxonomy":"product_cat","embeddable":true,"href":"https:\/\/alleegalerii.ee\/en\/wp-json\/wp\/v2\/product_cat?post=12877"},{"taxonomy":"product_tag","embeddable":true,"href":"https:\/\/alleegalerii.ee\/en\/wp-json\/wp\/v2\/product_tag?post=12877"}],"curies":[{"name":"wp","href":"https:\/\/api.w.org\/{rel}","templated":true}]}}