{"id":12876,"date":"2023-09-16T15:00:18","date_gmt":"2023-09-16T12:00:18","guid":{"rendered":"https:\/\/alleegalerii.ee\/?post_type=product&#038;p=12876"},"modified":"2024-01-27T12:53:27","modified_gmt":"2024-01-27T10:53:27","slug":"joann-saarniit-talvemaastik-1940ndad-1950ndad","status":"publish","type":"product","link":"https:\/\/alleegalerii.ee\/en\/shop\/joann-saarniit-talvemaastik-1940ndad-1950ndad\/","title":{"rendered":"Joann Saarniit &#8220;Talvemaastik&#8221;, 1940ndad-1950ndad"},"content":{"rendered":"","protected":false},"excerpt":{"rendered":"<p>M\u00dc\u00dcDUD<\/p>\n<p>\u00d5li masoniidil. Raamitud.<\/p>\n<p>M\u00f5\u00f5dud: 50,5 x 61,5 cm, raamiga 60 x 70,5 cm.<\/p>\n<p>All paremal: SAARNIIT<\/p>\n<p>Suurema osa oma elust Kanadas elanud, kuid t\u00f5sihingelise eestlasena seal eesti kunsti n\u00e4ituseid korraldanud Joann Saarniit (1909 \u2013 1984) p\u00e4ris oma armastuse v\u00e4rvide vastu August Jansenilt. Arvukate autasudega tunnustatud kunstniku teoseid on enda kogudesse ostnud mitmed muuseumid nii Eestis kui v\u00e4lismaal.<\/p>\n<p>Tema loomingu \u00fcks signatuurv\u00e4rve, pruun, on k\u00e4esoleval teosel leidnud s\u00e4rava paarilise lumelt kiirgava valge n\u00e4ol. Pealel\u00f5unase p\u00e4ikese uimastav valgus muudab talvise j\u00f5emaastiku soojaks ja koduseks kandes endas igatsuslikku emotsiooni, mida Eestimaa loodus tema s\u00fcdamesse oli j\u00e4tnud.<\/p>\n","protected":false},"featured_media":12880,"template":"","meta":{"_acf_changed":false},"product_brand":[],"product_cat":[415,56,57,59],"product_tag":[60],"class_list":{"0":"post-12876","1":"product","2":"type-product","3":"status-publish","4":"has-post-thumbnail","6":"product_cat-maal","7":"product_cat-olimaal","8":"product_cat-muudud","9":"product_cat-e-pood","10":"product_tag-e-pood","12":"first","13":"outofstock","14":"sold-individually","15":"shipping-taxable","16":"purchasable","17":"product-type-simple"},"acf":[],"_links":{"self":[{"href":"https:\/\/alleegalerii.ee\/en\/wp-json\/wp\/v2\/product\/12876","targetHints":{"allow":["GET"]}}],"collection":[{"href":"https:\/\/alleegalerii.ee\/en\/wp-json\/wp\/v2\/product"}],"about":[{"href":"https:\/\/alleegalerii.ee\/en\/wp-json\/wp\/v2\/types\/product"}],"wp:featuredmedia":[{"embeddable":true,"href":"https:\/\/alleegalerii.ee\/en\/wp-json\/wp\/v2\/media\/12880"}],"wp:attachment":[{"href":"https:\/\/alleegalerii.ee\/en\/wp-json\/wp\/v2\/media?parent=12876"}],"wp:term":[{"taxonomy":"product_brand","embeddable":true,"href":"https:\/\/alleegalerii.ee\/en\/wp-json\/wp\/v2\/product_brand?post=12876"},{"taxonomy":"product_cat","embeddable":true,"href":"https:\/\/alleegalerii.ee\/en\/wp-json\/wp\/v2\/product_cat?post=12876"},{"taxonomy":"product_tag","embeddable":true,"href":"https:\/\/alleegalerii.ee\/en\/wp-json\/wp\/v2\/product_tag?post=12876"}],"curies":[{"name":"wp","href":"https:\/\/api.w.org\/{rel}","templated":true}]}}