{"id":12863,"date":"2023-09-13T09:43:21","date_gmt":"2023-09-13T06:43:21","guid":{"rendered":"https:\/\/alleegalerii.ee\/?post_type=product&#038;p=12863"},"modified":"2024-03-27T13:11:20","modified_gmt":"2024-03-27T11:11:20","slug":"hugo-mitt-voikula-1979","status":"publish","type":"product","link":"https:\/\/alleegalerii.ee\/en\/shop\/hugo-mitt-voikula-1979\/","title":{"rendered":"Hugo Mitt &#8220;V\u00f5ik\u00fcla&#8221;, 1979"},"content":{"rendered":"","protected":false},"excerpt":{"rendered":"<p>Pehmelakk paberil. Raamitud.<\/p>\n<p>M\u00f5\u00f5dud: plm 18,5 x 46,5 cm, raamiga 36,5 x 62 cm.<\/p>\n<p>All vasakul: &#8220;V\u00f5ik\u00fcla&#8221;<br \/>\nAll keskel: (pehmelakk 20\/50)<br \/>\nAll paremal: H. Mitt 79.<\/p>\n<p>Hugo Mitt (1926-1998) oli armunud hingega arhitektuuri, olgu need ajaloolised Tallinna vanalinna m\u00fc\u00fcrid v\u00f5i arhailised taluhooned Saaremaal. Teosel &#8220;V\u00f5ik\u00fcla&#8221; on ta jutustanud loo Muhu saarel asuva romantilise rannak\u00fcla tegemistest, selle tuultes sahisevatest p\u00f5lispuudest, hoolega esiisade laotud kiviaedadest ning p\u00f5nevaid lugusid t\u00e4is talumajadest.<\/p>\n","protected":false},"featured_media":12864,"template":"","meta":{"_acf_changed":false},"product_brand":[],"product_cat":[61,59],"product_tag":[60],"class_list":{"0":"post-12863","1":"product","2":"type-product","3":"status-publish","4":"has-post-thumbnail","6":"product_cat-graafika","7":"product_cat-e-pood","8":"product_tag-e-pood","10":"first","11":"outofstock","12":"sold-individually","13":"shipping-taxable","14":"purchasable","15":"product-type-simple"},"acf":[],"_links":{"self":[{"href":"https:\/\/alleegalerii.ee\/en\/wp-json\/wp\/v2\/product\/12863","targetHints":{"allow":["GET"]}}],"collection":[{"href":"https:\/\/alleegalerii.ee\/en\/wp-json\/wp\/v2\/product"}],"about":[{"href":"https:\/\/alleegalerii.ee\/en\/wp-json\/wp\/v2\/types\/product"}],"wp:featuredmedia":[{"embeddable":true,"href":"https:\/\/alleegalerii.ee\/en\/wp-json\/wp\/v2\/media\/12864"}],"wp:attachment":[{"href":"https:\/\/alleegalerii.ee\/en\/wp-json\/wp\/v2\/media?parent=12863"}],"wp:term":[{"taxonomy":"product_brand","embeddable":true,"href":"https:\/\/alleegalerii.ee\/en\/wp-json\/wp\/v2\/product_brand?post=12863"},{"taxonomy":"product_cat","embeddable":true,"href":"https:\/\/alleegalerii.ee\/en\/wp-json\/wp\/v2\/product_cat?post=12863"},{"taxonomy":"product_tag","embeddable":true,"href":"https:\/\/alleegalerii.ee\/en\/wp-json\/wp\/v2\/product_tag?post=12863"}],"curies":[{"name":"wp","href":"https:\/\/api.w.org\/{rel}","templated":true}]}}