{"id":12857,"date":"2023-09-12T14:46:57","date_gmt":"2023-09-12T11:46:57","guid":{"rendered":"https:\/\/alleegalerii.ee\/?post_type=product&#038;p=12857"},"modified":"2024-11-06T15:37:27","modified_gmt":"2024-11-06T13:37:27","slug":"priit-parn-voitlus-muuriga-1988","status":"publish","type":"product","link":"https:\/\/alleegalerii.ee\/en\/shop\/priit-parn-voitlus-muuriga-1988\/","title":{"rendered":"Priit P\u00e4rn &#8220;V\u00f5itlus m\u00fc\u00fcriga&#8221;, 1988"},"content":{"rendered":"","protected":false},"excerpt":{"rendered":"<p>Ofort, akvatinta paberil. Raamitud.<\/p>\n<p>M\u00f5\u00f5dud: plm 9,6 x 12,4 cm, raamiga 31,6 x 33,6 cm.<\/p>\n<p>All vasakul: &#8220;V\u00f5itlus m\u00fc\u00fcriga&#8221; Ofort, akvatinta 7\/70<br \/>\nAll paremal: P\u00c4RN 88<\/p>\n","protected":false},"featured_media":12858,"template":"","meta":{"_acf_changed":false},"product_brand":[],"product_cat":[61,59],"product_tag":[60],"class_list":{"0":"post-12857","1":"product","2":"type-product","3":"status-publish","4":"has-post-thumbnail","6":"product_cat-graafika","7":"product_cat-e-pood","8":"product_tag-e-pood","10":"first","11":"outofstock","12":"sold-individually","13":"shipping-taxable","14":"purchasable","15":"product-type-simple"},"acf":[],"_links":{"self":[{"href":"https:\/\/alleegalerii.ee\/en\/wp-json\/wp\/v2\/product\/12857","targetHints":{"allow":["GET"]}}],"collection":[{"href":"https:\/\/alleegalerii.ee\/en\/wp-json\/wp\/v2\/product"}],"about":[{"href":"https:\/\/alleegalerii.ee\/en\/wp-json\/wp\/v2\/types\/product"}],"wp:featuredmedia":[{"embeddable":true,"href":"https:\/\/alleegalerii.ee\/en\/wp-json\/wp\/v2\/media\/12858"}],"wp:attachment":[{"href":"https:\/\/alleegalerii.ee\/en\/wp-json\/wp\/v2\/media?parent=12857"}],"wp:term":[{"taxonomy":"product_brand","embeddable":true,"href":"https:\/\/alleegalerii.ee\/en\/wp-json\/wp\/v2\/product_brand?post=12857"},{"taxonomy":"product_cat","embeddable":true,"href":"https:\/\/alleegalerii.ee\/en\/wp-json\/wp\/v2\/product_cat?post=12857"},{"taxonomy":"product_tag","embeddable":true,"href":"https:\/\/alleegalerii.ee\/en\/wp-json\/wp\/v2\/product_tag?post=12857"}],"curies":[{"name":"wp","href":"https:\/\/api.w.org\/{rel}","templated":true}]}}