{"id":12851,"date":"2023-09-12T14:34:31","date_gmt":"2023-09-12T11:34:31","guid":{"rendered":"https:\/\/alleegalerii.ee\/?post_type=product&#038;p=12851"},"modified":"2024-03-20T17:45:05","modified_gmt":"2024-03-20T15:45:05","slug":"priit-parn-uhine-uritus-1988","status":"publish","type":"product","link":"https:\/\/alleegalerii.ee\/en\/shop\/priit-parn-uhine-uritus-1988\/","title":{"rendered":"Priit P\u00e4rn &#8220;\u00dchine \u00fcritus&#8221;, 1988"},"content":{"rendered":"","protected":false},"excerpt":{"rendered":"<p>Ofort, akvatinta paberil. Raamitud.<\/p>\n<p>M\u00f5\u00f5dud: plm 16,8 x 13,6 cm, raamiga 33,6 x 31,6 cm.<\/p>\n<p>All vasakul: &#8220;\u00dchine \u00fcritus&#8221; Ofort, akvatinta 8\/70<br \/>\nAll paremal: P\u00c4RN 88<\/p>\n<p><span style=\"font-weight: 400;\">Eesti animakunsti \u00fcks t\u00e4htsamaid nimesid, Priit P\u00e4rn (s. 1946), on ka andekas graafik, kelle humoorikad teosed on ajendatud igap\u00e4evastest stseenidest. Terava satiirikuna oskab ta neis leida p\u00f5nevaid l\u00e4henemisnurki, mis vaataja muigama panevad. Tema tuntumate joonisfilmide hulka kuuluvad nii \u201cKilplased\u201d kui \u201cEine murul\u201d. <\/span><\/p>\n","protected":false},"featured_media":12852,"template":"","meta":{"_acf_changed":false},"product_brand":[],"product_cat":[61,59],"product_tag":[60],"class_list":{"0":"post-12851","1":"product","2":"type-product","3":"status-publish","4":"has-post-thumbnail","6":"product_cat-graafika","7":"product_cat-e-pood","8":"product_tag-e-pood","10":"first","11":"outofstock","12":"sold-individually","13":"shipping-taxable","14":"purchasable","15":"product-type-simple"},"acf":[],"_links":{"self":[{"href":"https:\/\/alleegalerii.ee\/en\/wp-json\/wp\/v2\/product\/12851","targetHints":{"allow":["GET"]}}],"collection":[{"href":"https:\/\/alleegalerii.ee\/en\/wp-json\/wp\/v2\/product"}],"about":[{"href":"https:\/\/alleegalerii.ee\/en\/wp-json\/wp\/v2\/types\/product"}],"wp:featuredmedia":[{"embeddable":true,"href":"https:\/\/alleegalerii.ee\/en\/wp-json\/wp\/v2\/media\/12852"}],"wp:attachment":[{"href":"https:\/\/alleegalerii.ee\/en\/wp-json\/wp\/v2\/media?parent=12851"}],"wp:term":[{"taxonomy":"product_brand","embeddable":true,"href":"https:\/\/alleegalerii.ee\/en\/wp-json\/wp\/v2\/product_brand?post=12851"},{"taxonomy":"product_cat","embeddable":true,"href":"https:\/\/alleegalerii.ee\/en\/wp-json\/wp\/v2\/product_cat?post=12851"},{"taxonomy":"product_tag","embeddable":true,"href":"https:\/\/alleegalerii.ee\/en\/wp-json\/wp\/v2\/product_tag?post=12851"}],"curies":[{"name":"wp","href":"https:\/\/api.w.org\/{rel}","templated":true}]}}