{"id":12792,"date":"2023-09-06T17:05:07","date_gmt":"2023-09-06T14:05:07","guid":{"rendered":"https:\/\/alleegalerii.ee\/?post_type=product&#038;p=12792"},"modified":"2024-01-27T13:04:40","modified_gmt":"2024-01-27T11:04:40","slug":"august-albo-idamaine-kuuvalgus-1","status":"publish","type":"product","link":"https:\/\/alleegalerii.ee\/en\/shop\/august-albo-idamaine-kuuvalgus-1\/","title":{"rendered":"August Albo &#8220;Idamaine kuuvalgus 1&#8221;"},"content":{"rendered":"","protected":false},"excerpt":{"rendered":"<p>M\u00dc\u00dcDUD<\/p>\n<p>\u00d5li masoniidil. Raamitud.<\/p>\n<p>M\u00f5\u00f5dud: 79 x\u00a0 28,5 cm, raamiga 92 x 41 cm.<\/p>\n<p>All paremal: ALBO<\/p>\n<p>Suurupis s\u00fcndinud, kuid Ameerika \u00dchendriikides endale nime teinud kunstniku August Albo (1893-1963) loomingu keskmes on eelk\u00f5ige suurejoonelised maastikumaalid, detailideni viimistletud vaikelud ja balletistseenid. Seet\u00f5ttu moodustavad tema orientalistika-teemalised teosed p\u00f5neva k\u00f5rvalep\u00f5ike Idamaade kultuuriruumi. K\u00e4esoleval teosel on aga lisaks vee \u00e4\u00e4res jutustavatele daamidele oluline osa maagiliselt m\u00f5juval kuuvalgusel.<\/p>\n","protected":false},"featured_media":12797,"template":"","meta":{"_acf_changed":false},"product_brand":[],"product_cat":[415,56,57,59],"product_tag":[60],"class_list":{"0":"post-12792","1":"product","2":"type-product","3":"status-publish","4":"has-post-thumbnail","6":"product_cat-maal","7":"product_cat-olimaal","8":"product_cat-muudud","9":"product_cat-e-pood","10":"product_tag-e-pood","12":"first","13":"outofstock","14":"sold-individually","15":"shipping-taxable","16":"product-type-simple"},"acf":[],"_links":{"self":[{"href":"https:\/\/alleegalerii.ee\/en\/wp-json\/wp\/v2\/product\/12792","targetHints":{"allow":["GET"]}}],"collection":[{"href":"https:\/\/alleegalerii.ee\/en\/wp-json\/wp\/v2\/product"}],"about":[{"href":"https:\/\/alleegalerii.ee\/en\/wp-json\/wp\/v2\/types\/product"}],"wp:featuredmedia":[{"embeddable":true,"href":"https:\/\/alleegalerii.ee\/en\/wp-json\/wp\/v2\/media\/12797"}],"wp:attachment":[{"href":"https:\/\/alleegalerii.ee\/en\/wp-json\/wp\/v2\/media?parent=12792"}],"wp:term":[{"taxonomy":"product_brand","embeddable":true,"href":"https:\/\/alleegalerii.ee\/en\/wp-json\/wp\/v2\/product_brand?post=12792"},{"taxonomy":"product_cat","embeddable":true,"href":"https:\/\/alleegalerii.ee\/en\/wp-json\/wp\/v2\/product_cat?post=12792"},{"taxonomy":"product_tag","embeddable":true,"href":"https:\/\/alleegalerii.ee\/en\/wp-json\/wp\/v2\/product_tag?post=12792"}],"curies":[{"name":"wp","href":"https:\/\/api.w.org\/{rel}","templated":true}]}}