{"id":12791,"date":"2023-09-06T17:03:51","date_gmt":"2023-09-06T14:03:51","guid":{"rendered":"https:\/\/alleegalerii.ee\/?post_type=product&#038;p=12791"},"modified":"2024-01-27T12:58:58","modified_gmt":"2024-01-27T10:58:58","slug":"august-albo-paikseline-meri","status":"publish","type":"product","link":"https:\/\/alleegalerii.ee\/en\/shop\/august-albo-paikseline-meri\/","title":{"rendered":"August Albo &#8220;P\u00e4ikseline meri&#8221;"},"content":{"rendered":"","protected":false},"excerpt":{"rendered":"<p>M\u00dc\u00dcDUD<\/p>\n<p>\u00d5li l\u00f5uendil. Raamitud.<\/p>\n<p>M\u00f5\u00f5dud: 30 x 76,5 cm, raamiga 93,5 x 48 cm.<\/p>\n<p>V\u00e4liseesti kunstnik August Albo (1893-1963) armastas kujutada vett. Eelk\u00f5ige v\u00f5lusid teda selle liikumine ja peegeldused veel. Hommikuudus merd kujutav teos kutsub unustama argimured ja kiirustamise ning keskenduma igavesti kohisevale merele. See on s\u00fcvitsi looduse keskele minek, sulandumine \u00fchte lainetava vee ja universumiga.<\/p>\n<p>&nbsp;<\/p>\n<p>&nbsp;<\/p>\n","protected":false},"featured_media":12799,"template":"","meta":{"_acf_changed":false},"product_brand":[],"product_cat":[415,56,57,59],"product_tag":[60],"class_list":{"0":"post-12791","1":"product","2":"type-product","3":"status-publish","4":"has-post-thumbnail","6":"product_cat-maal","7":"product_cat-olimaal","8":"product_cat-muudud","9":"product_cat-e-pood","10":"product_tag-e-pood","12":"first","13":"outofstock","14":"sold-individually","15":"shipping-taxable","16":"purchasable","17":"product-type-simple"},"acf":[],"_links":{"self":[{"href":"https:\/\/alleegalerii.ee\/en\/wp-json\/wp\/v2\/product\/12791","targetHints":{"allow":["GET"]}}],"collection":[{"href":"https:\/\/alleegalerii.ee\/en\/wp-json\/wp\/v2\/product"}],"about":[{"href":"https:\/\/alleegalerii.ee\/en\/wp-json\/wp\/v2\/types\/product"}],"wp:featuredmedia":[{"embeddable":true,"href":"https:\/\/alleegalerii.ee\/en\/wp-json\/wp\/v2\/media\/12799"}],"wp:attachment":[{"href":"https:\/\/alleegalerii.ee\/en\/wp-json\/wp\/v2\/media?parent=12791"}],"wp:term":[{"taxonomy":"product_brand","embeddable":true,"href":"https:\/\/alleegalerii.ee\/en\/wp-json\/wp\/v2\/product_brand?post=12791"},{"taxonomy":"product_cat","embeddable":true,"href":"https:\/\/alleegalerii.ee\/en\/wp-json\/wp\/v2\/product_cat?post=12791"},{"taxonomy":"product_tag","embeddable":true,"href":"https:\/\/alleegalerii.ee\/en\/wp-json\/wp\/v2\/product_tag?post=12791"}],"curies":[{"name":"wp","href":"https:\/\/api.w.org\/{rel}","templated":true}]}}