{"id":12790,"date":"2023-09-06T17:03:21","date_gmt":"2023-09-06T14:03:21","guid":{"rendered":"https:\/\/alleegalerii.ee\/?post_type=product&#038;p=12790"},"modified":"2024-01-27T13:01:02","modified_gmt":"2024-01-27T11:01:02","slug":"august-albo-paadid-rannal","status":"publish","type":"product","link":"https:\/\/alleegalerii.ee\/en\/shop\/august-albo-paadid-rannal\/","title":{"rendered":"August Albo &#8220;Paadid rannal&#8221;"},"content":{"rendered":"","protected":false},"excerpt":{"rendered":"<p>M\u00dc\u00dcDUD<\/p>\n<p>\u00d5li l\u00f5uendil. Raamitud.<\/p>\n<p>M\u00f5\u00f5dud: 30 x 76,5 cm, raamiga 93,5 x 48 cm.<\/p>\n<p>August Albo (1893-1963) on m\u00fcstilise valguse tekitamises meister. Teosel &#8220;Paadid rannal&#8221; n\u00e4eme omamoodi p\u00f5nevat fenomeni, kus p\u00e4iksevalgus kannab endaga kaasa pilvedevahu uduloori, tekitades veepinnale peaaegu pimestava efekti ning sulandades veepiiri esiplaanil oleva rannaliivaga \u00fcheks &#8211; nii, et s\u00fcnniks armastuslugu maa ja kalda vahel.<\/p>\n<p>&nbsp;<\/p>\n","protected":false},"featured_media":12802,"template":"","meta":{"_acf_changed":false},"product_brand":[],"product_cat":[415,56,57,59],"product_tag":[60],"class_list":{"0":"post-12790","1":"product","2":"type-product","3":"status-publish","4":"has-post-thumbnail","6":"product_cat-maal","7":"product_cat-olimaal","8":"product_cat-muudud","9":"product_cat-e-pood","10":"product_tag-e-pood","12":"first","13":"outofstock","14":"sold-individually","15":"shipping-taxable","16":"purchasable","17":"product-type-simple"},"acf":[],"_links":{"self":[{"href":"https:\/\/alleegalerii.ee\/en\/wp-json\/wp\/v2\/product\/12790","targetHints":{"allow":["GET"]}}],"collection":[{"href":"https:\/\/alleegalerii.ee\/en\/wp-json\/wp\/v2\/product"}],"about":[{"href":"https:\/\/alleegalerii.ee\/en\/wp-json\/wp\/v2\/types\/product"}],"wp:featuredmedia":[{"embeddable":true,"href":"https:\/\/alleegalerii.ee\/en\/wp-json\/wp\/v2\/media\/12802"}],"wp:attachment":[{"href":"https:\/\/alleegalerii.ee\/en\/wp-json\/wp\/v2\/media?parent=12790"}],"wp:term":[{"taxonomy":"product_brand","embeddable":true,"href":"https:\/\/alleegalerii.ee\/en\/wp-json\/wp\/v2\/product_brand?post=12790"},{"taxonomy":"product_cat","embeddable":true,"href":"https:\/\/alleegalerii.ee\/en\/wp-json\/wp\/v2\/product_cat?post=12790"},{"taxonomy":"product_tag","embeddable":true,"href":"https:\/\/alleegalerii.ee\/en\/wp-json\/wp\/v2\/product_tag?post=12790"}],"curies":[{"name":"wp","href":"https:\/\/api.w.org\/{rel}","templated":true}]}}