{"id":12784,"date":"2023-09-06T16:54:06","date_gmt":"2023-09-06T13:54:06","guid":{"rendered":"https:\/\/alleegalerii.ee\/?post_type=product&#038;p=12784"},"modified":"2023-12-19T15:54:09","modified_gmt":"2023-12-19T13:54:09","slug":"august-albo-malestused-muusikast-3-ja-4","status":"publish","type":"product","link":"https:\/\/alleegalerii.ee\/en\/shop\/august-albo-malestused-muusikast-3-ja-4\/","title":{"rendered":"August Albo &#8220;M\u00e4lestused muusikast 3 ja 4&#8221; (paarismaalid)"},"content":{"rendered":"","protected":false},"excerpt":{"rendered":"<p>\u00d5li l\u00f5uendil. Raamitud. Teos on m\u00fc\u00fcgil paarismaalina, hind kehtib teose kohta. 2 maali kokku 7000 Eur.<\/p>\n<p>M\u00f5\u00f5dud m\u00f5lemal teosel: <span style=\"font-weight: 400;\">76,5 x 30,5<\/span> cm, raamiga 89,5 x 43,5 cm.<\/p>\n<p>Peterburis kunstihariduse saanud ja hiljem end Euroopas eri riikides t\u00e4iendanud August Albo (1893-1963) oli mitmek\u00fclgne mees. Lisaks kunstile \u00f5ppis ta ka klassikalist tantsu ja muusikat ning j\u00e4\u00e4dvustas teadmised l\u00e4bi balleti- ja ballistseenide ning muusikateemaliste vaikelude meisterlikult l\u00f5uendile. Nii moodustavad tema muusikale p\u00fchendatud maalid orgaanilise terviku tema enda eluteega ning kannavad edasi armastust helimaailma vastu.<\/p>\n<p>&nbsp;<\/p>\n<p>&nbsp;<\/p>\n","protected":false},"featured_media":12810,"template":"","meta":{"_acf_changed":false},"product_brand":[],"product_cat":[415,56,59],"product_tag":[60],"class_list":{"0":"post-12784","1":"product","2":"type-product","3":"status-publish","4":"has-post-thumbnail","6":"product_cat-maal","7":"product_cat-olimaal","8":"product_cat-e-pood","9":"product_tag-e-pood","11":"first","12":"outofstock","13":"sold-individually","14":"shipping-taxable","15":"product-type-simple"},"acf":[],"_links":{"self":[{"href":"https:\/\/alleegalerii.ee\/en\/wp-json\/wp\/v2\/product\/12784","targetHints":{"allow":["GET"]}}],"collection":[{"href":"https:\/\/alleegalerii.ee\/en\/wp-json\/wp\/v2\/product"}],"about":[{"href":"https:\/\/alleegalerii.ee\/en\/wp-json\/wp\/v2\/types\/product"}],"wp:featuredmedia":[{"embeddable":true,"href":"https:\/\/alleegalerii.ee\/en\/wp-json\/wp\/v2\/media\/12810"}],"wp:attachment":[{"href":"https:\/\/alleegalerii.ee\/en\/wp-json\/wp\/v2\/media?parent=12784"}],"wp:term":[{"taxonomy":"product_brand","embeddable":true,"href":"https:\/\/alleegalerii.ee\/en\/wp-json\/wp\/v2\/product_brand?post=12784"},{"taxonomy":"product_cat","embeddable":true,"href":"https:\/\/alleegalerii.ee\/en\/wp-json\/wp\/v2\/product_cat?post=12784"},{"taxonomy":"product_tag","embeddable":true,"href":"https:\/\/alleegalerii.ee\/en\/wp-json\/wp\/v2\/product_tag?post=12784"}],"curies":[{"name":"wp","href":"https:\/\/api.w.org\/{rel}","templated":true}]}}