{"id":12774,"date":"2023-09-06T15:37:47","date_gmt":"2023-09-06T12:37:47","guid":{"rendered":"https:\/\/alleegalerii.ee\/?post_type=product&#038;p=12774"},"modified":"2024-01-27T12:58:17","modified_gmt":"2024-01-27T10:58:17","slug":"august-albo-malestused-muusikast-1-ja-2-paarismaalid","status":"publish","type":"product","link":"https:\/\/alleegalerii.ee\/en\/shop\/august-albo-malestused-muusikast-1-ja-2-paarismaalid\/","title":{"rendered":"August Albo &#8220;M\u00e4lestused muusikast 1 ja 2&#8221; (paarismaalid)"},"content":{"rendered":"","protected":false},"excerpt":{"rendered":"<p>M\u00dc\u00dcDUD<\/p>\n<p>\u00d5li l\u00f5uendil. Raamitud. Teos on m\u00fc\u00fcgil paarismaalina, hind kehtib teose kohta. 2 maali kokku 7000 Eur.<\/p>\n<p>M\u00f5\u00f5dud m\u00f5lemal teosel: <span style=\"font-weight: 400;\">76,5 x 30,5<\/span> cm, raamiga 89,5 x 43,5 cm.<\/p>\n<p>Peterburis kunstihariduse saanud ja hiljem end Euroopas eri riikides t\u00e4iendanud August Albo (1893-1963) oli mitmek\u00fclgne mees. Lisaks kunstile \u00f5ppis ta ka klassikalist tantsu ja muusikat ning j\u00e4\u00e4dvustas teadmised l\u00e4bi balleti- ja ballistseenide ning muusikateemaliste vaikelude meisterlikult l\u00f5uendile. Nii moodustavad tema muusikale p\u00fchendatud maalid orgaanilise terviku tema enda eluteega ning kannavad edasi armastust helimaailma vastu.<\/p>\n","protected":false},"featured_media":12809,"template":"","meta":{"_acf_changed":false},"product_brand":[],"product_cat":[415,56,57,59],"product_tag":[60],"class_list":{"0":"post-12774","1":"product","2":"type-product","3":"status-publish","4":"has-post-thumbnail","6":"product_cat-maal","7":"product_cat-olimaal","8":"product_cat-muudud","9":"product_cat-e-pood","10":"product_tag-e-pood","12":"first","13":"outofstock","14":"sold-individually","15":"shipping-taxable","16":"product-type-simple"},"acf":[],"_links":{"self":[{"href":"https:\/\/alleegalerii.ee\/en\/wp-json\/wp\/v2\/product\/12774","targetHints":{"allow":["GET"]}}],"collection":[{"href":"https:\/\/alleegalerii.ee\/en\/wp-json\/wp\/v2\/product"}],"about":[{"href":"https:\/\/alleegalerii.ee\/en\/wp-json\/wp\/v2\/types\/product"}],"wp:featuredmedia":[{"embeddable":true,"href":"https:\/\/alleegalerii.ee\/en\/wp-json\/wp\/v2\/media\/12809"}],"wp:attachment":[{"href":"https:\/\/alleegalerii.ee\/en\/wp-json\/wp\/v2\/media?parent=12774"}],"wp:term":[{"taxonomy":"product_brand","embeddable":true,"href":"https:\/\/alleegalerii.ee\/en\/wp-json\/wp\/v2\/product_brand?post=12774"},{"taxonomy":"product_cat","embeddable":true,"href":"https:\/\/alleegalerii.ee\/en\/wp-json\/wp\/v2\/product_cat?post=12774"},{"taxonomy":"product_tag","embeddable":true,"href":"https:\/\/alleegalerii.ee\/en\/wp-json\/wp\/v2\/product_tag?post=12774"}],"curies":[{"name":"wp","href":"https:\/\/api.w.org\/{rel}","templated":true}]}}