{"id":12766,"date":"2023-09-06T14:39:24","date_gmt":"2023-09-06T11:39:24","guid":{"rendered":"https:\/\/alleegalerii.ee\/?post_type=product&#038;p=12766"},"modified":"2023-11-14T22:07:09","modified_gmt":"2023-11-14T20:07:09","slug":"august-albo-hommikune-laul","status":"publish","type":"product","link":"https:\/\/alleegalerii.ee\/en\/shop\/august-albo-hommikune-laul\/","title":{"rendered":"August Albo &#8220;Hommikune laul&#8221;"},"content":{"rendered":"","protected":false},"excerpt":{"rendered":"<p>\u00d5li l\u00f5uendil. Raamitud.<\/p>\n<p>M\u00f5\u00f5dud: 76,5 x 30,5 cm, raamiga 88,5 x 43 cm<\/p>\n<p>P\u00f6\u00f6rdel: Morning call<\/p>\n<p>1912-1916 Peterburis Stieglitzi Kunstikoolis ning 1916-1917 Peterburi Kunstiakadeemias \u00f5ppinud August Albo (1893-1963) naasis 1918. aastal Eestisse ning t\u00f6\u00f6tas Tallinna koolides joonistus\u00f5petajana. Eneset\u00e4ienduse vajadused viisid ta 1922 Berliini ning juba samal aastal Pariisi, kus tegutses plakatikunstnikuna, stsenograafina ja maalis. 1951. aastal Ameerika \u00dchendriikidesse l\u00f5plikult elama asunud Albo suurem t\u00e4helend algas just seal. Nimelt alustas ta koost\u00f6\u00f6d ettev\u00f5ttega Donald Art Company, kes oli tolleks hetkeks vaieldamatult \u00fcks suurimaid kunstireprode tr\u00fckkijaid \u00dchendriikides ning nii j\u00f5udsid Albo teosed sadade tuhandete ameeriklaste kodudesse. Lisaks kasutas tema kahte balletistseeniga maali USA heliplaadifirma 1960. aastatel oma klassikalise muusika LP kaane\u00fcmbristel kirjutades eestlasest kunstniku tr\u00fckit\u00e4htedega muusikaajalukku.<\/p>\n<p>&nbsp;<\/p>\n<p>&nbsp;<\/p>\n","protected":false},"featured_media":12763,"template":"","meta":{"_acf_changed":false},"product_brand":[],"product_cat":[415,56,59],"product_tag":[60],"class_list":{"0":"post-12766","1":"product","2":"type-product","3":"status-publish","4":"has-post-thumbnail","6":"product_cat-maal","7":"product_cat-olimaal","8":"product_cat-e-pood","9":"product_tag-e-pood","11":"first","12":"outofstock","13":"sold-individually","14":"shipping-taxable","15":"product-type-simple"},"acf":[],"_links":{"self":[{"href":"https:\/\/alleegalerii.ee\/en\/wp-json\/wp\/v2\/product\/12766","targetHints":{"allow":["GET"]}}],"collection":[{"href":"https:\/\/alleegalerii.ee\/en\/wp-json\/wp\/v2\/product"}],"about":[{"href":"https:\/\/alleegalerii.ee\/en\/wp-json\/wp\/v2\/types\/product"}],"wp:featuredmedia":[{"embeddable":true,"href":"https:\/\/alleegalerii.ee\/en\/wp-json\/wp\/v2\/media\/12763"}],"wp:attachment":[{"href":"https:\/\/alleegalerii.ee\/en\/wp-json\/wp\/v2\/media?parent=12766"}],"wp:term":[{"taxonomy":"product_brand","embeddable":true,"href":"https:\/\/alleegalerii.ee\/en\/wp-json\/wp\/v2\/product_brand?post=12766"},{"taxonomy":"product_cat","embeddable":true,"href":"https:\/\/alleegalerii.ee\/en\/wp-json\/wp\/v2\/product_cat?post=12766"},{"taxonomy":"product_tag","embeddable":true,"href":"https:\/\/alleegalerii.ee\/en\/wp-json\/wp\/v2\/product_tag?post=12766"}],"curies":[{"name":"wp","href":"https:\/\/api.w.org\/{rel}","templated":true}]}}