{"id":12758,"date":"2023-09-06T14:32:04","date_gmt":"2023-09-06T11:32:04","guid":{"rendered":"https:\/\/alleegalerii.ee\/?post_type=product&#038;p=12758"},"modified":"2024-01-27T12:53:42","modified_gmt":"2024-01-27T10:53:42","slug":"august-albo-iidsetel-treppidel","status":"publish","type":"product","link":"https:\/\/alleegalerii.ee\/en\/shop\/august-albo-iidsetel-treppidel\/","title":{"rendered":"August Albo &#8220;Iidsetel treppidel&#8221;"},"content":{"rendered":"","protected":false},"excerpt":{"rendered":"<p>M\u00dc\u00dcDUD<\/p>\n<p>\u00d5li l\u00f5uendil. Raamitud.<\/p>\n<p>M\u00f5\u00f5dud: 61,5 x 30,5 cm, raamiga 76 x 45,5 cm<\/p>\n<p>Peterburis 1912-1918 kunstihariduse saanud ja 1950-ndatel USAs karj\u00e4\u00e4ri teinud August Albo (1893-1963) veetis vahepealse aja Euroopa erinevates riikides. Oma reisimuljeid l\u00f5uendile kandes sattus sinna lisaks maastikele ka ajalooliste hoonete varemeid, mille Albo inimfiguure lisades ellu \u00e4ratas.<\/p>\n<p>&nbsp;<\/p>\n<p>&nbsp;<\/p>\n","protected":false},"featured_media":12759,"template":"","meta":{"_acf_changed":false},"product_brand":[],"product_cat":[415,56,57,59],"product_tag":[60],"class_list":{"0":"post-12758","1":"product","2":"type-product","3":"status-publish","4":"has-post-thumbnail","6":"product_cat-maal","7":"product_cat-olimaal","8":"product_cat-muudud","9":"product_cat-e-pood","10":"product_tag-e-pood","12":"first","13":"outofstock","14":"sold-individually","15":"shipping-taxable","16":"product-type-simple"},"acf":[],"_links":{"self":[{"href":"https:\/\/alleegalerii.ee\/en\/wp-json\/wp\/v2\/product\/12758","targetHints":{"allow":["GET"]}}],"collection":[{"href":"https:\/\/alleegalerii.ee\/en\/wp-json\/wp\/v2\/product"}],"about":[{"href":"https:\/\/alleegalerii.ee\/en\/wp-json\/wp\/v2\/types\/product"}],"wp:featuredmedia":[{"embeddable":true,"href":"https:\/\/alleegalerii.ee\/en\/wp-json\/wp\/v2\/media\/12759"}],"wp:attachment":[{"href":"https:\/\/alleegalerii.ee\/en\/wp-json\/wp\/v2\/media?parent=12758"}],"wp:term":[{"taxonomy":"product_brand","embeddable":true,"href":"https:\/\/alleegalerii.ee\/en\/wp-json\/wp\/v2\/product_brand?post=12758"},{"taxonomy":"product_cat","embeddable":true,"href":"https:\/\/alleegalerii.ee\/en\/wp-json\/wp\/v2\/product_cat?post=12758"},{"taxonomy":"product_tag","embeddable":true,"href":"https:\/\/alleegalerii.ee\/en\/wp-json\/wp\/v2\/product_tag?post=12758"}],"curies":[{"name":"wp","href":"https:\/\/api.w.org\/{rel}","templated":true}]}}