{"id":12751,"date":"2023-09-06T14:27:51","date_gmt":"2023-09-06T11:27:51","guid":{"rendered":"https:\/\/alleegalerii.ee\/?post_type=product&#038;p=12751"},"modified":"2023-11-14T22:07:09","modified_gmt":"2023-11-14T20:07:09","slug":"august-albo-baleriinid-ii","status":"publish","type":"product","link":"https:\/\/alleegalerii.ee\/en\/shop\/august-albo-baleriinid-ii\/","title":{"rendered":"August Albo &#8220;Baleriinid II&#8221;"},"content":{"rendered":"","protected":false},"excerpt":{"rendered":"<p>\u00d5li l\u00f5uendil. Raamitud.<\/p>\n<p>M\u00f5\u00f5dud: 76,5 x 31 cm, raamiga 90 x 44,5 cm<\/p>\n<p>1912-1916 Peterburis Stieglitzi Kunstikoolis ning 1916-1917 Peterburi Kunstiakadeemias \u00f5ppinud August Albo (1893-1963) naasis 1918. aastal Eestisse ning t\u00f6\u00f6tas Tallinna koolides joonistus\u00f5petajana. Eneset\u00e4ienduse vajadused viisid ta 1922 Berliini ning juba samal aastal Pariisi, kus tegutses plakatikunstnikuna, stsenograafina ja maalis. Just seal asus Albo \u00f5ppima ka balletti ja viiulim\u00e4ngu ja hakkas j\u00e4\u00e4dvustama balleti- ja ballistseene.<\/p>\n<p>1951 emigreerus Albo USAsse ja osales kuni 1954. aastani eesti kunstin\u00e4itustel New Yorgi Eesti Majas. Albo kui maalija tuntust ja edukust m\u00e4rgib fakt, et tema kahte balletistseeniga maali kasutas USA heliplaadifirma 1960. aastatel oma kahe klassikalise muusika LP kaane\u00fcmbrisel.<\/p>\n","protected":false},"featured_media":12752,"template":"","meta":{"_acf_changed":false},"product_brand":[],"product_cat":[415,56,59],"product_tag":[60],"class_list":{"0":"post-12751","1":"product","2":"type-product","3":"status-publish","4":"has-post-thumbnail","6":"product_cat-maal","7":"product_cat-olimaal","8":"product_cat-e-pood","9":"product_tag-e-pood","11":"first","12":"outofstock","13":"sold-individually","14":"shipping-taxable","15":"product-type-simple"},"acf":[],"_links":{"self":[{"href":"https:\/\/alleegalerii.ee\/en\/wp-json\/wp\/v2\/product\/12751","targetHints":{"allow":["GET"]}}],"collection":[{"href":"https:\/\/alleegalerii.ee\/en\/wp-json\/wp\/v2\/product"}],"about":[{"href":"https:\/\/alleegalerii.ee\/en\/wp-json\/wp\/v2\/types\/product"}],"wp:featuredmedia":[{"embeddable":true,"href":"https:\/\/alleegalerii.ee\/en\/wp-json\/wp\/v2\/media\/12752"}],"wp:attachment":[{"href":"https:\/\/alleegalerii.ee\/en\/wp-json\/wp\/v2\/media?parent=12751"}],"wp:term":[{"taxonomy":"product_brand","embeddable":true,"href":"https:\/\/alleegalerii.ee\/en\/wp-json\/wp\/v2\/product_brand?post=12751"},{"taxonomy":"product_cat","embeddable":true,"href":"https:\/\/alleegalerii.ee\/en\/wp-json\/wp\/v2\/product_cat?post=12751"},{"taxonomy":"product_tag","embeddable":true,"href":"https:\/\/alleegalerii.ee\/en\/wp-json\/wp\/v2\/product_tag?post=12751"}],"curies":[{"name":"wp","href":"https:\/\/api.w.org\/{rel}","templated":true}]}}