{"id":12748,"date":"2023-09-06T14:24:06","date_gmt":"2023-09-06T11:24:06","guid":{"rendered":"https:\/\/alleegalerii.ee\/?post_type=product&#038;p=12748"},"modified":"2023-11-14T22:07:09","modified_gmt":"2023-11-14T20:07:09","slug":"august-albo-baleriinid-i","status":"publish","type":"product","link":"https:\/\/alleegalerii.ee\/en\/shop\/august-albo-baleriinid-i\/","title":{"rendered":"August Albo &#8220;Baleriinid I&#8221;"},"content":{"rendered":"","protected":false},"excerpt":{"rendered":"<p>\u00d5li l\u00f5uendil. Raamitud.<\/p>\n<p>M\u00f5\u00f5dud: 76,5 x 31 cm, raamiga 90 x 44,5 cm<\/p>\n<p>Suurpis saarlastest vanemate perre s\u00fcndinud August Albost (1893-1963) kujunes hiljem tunnustatud maalikunstnik New Yorgis. Euroopa erinevates riikides elanud ja t\u00f6\u00f6tanud kunstniku loomingust leiame tugeva autobiograafilise tausta: \u00f5ppinud lisaks kunstile ka klassikalist tantsu ja muusikat, j\u00e4\u00e4dvustab ta balleti- ja ballistseene ning lavastab muusikateemalisi vaikelusid. Nii j\u00e4lgivad tema baleriine kujutavad teosed detailselt t\u00f5etruid poose ja positsioone ning on p\u00f5nevaks avastuseks nii kunsti- kui teatris\u00f5pradele.<\/p>\n","protected":false},"featured_media":12749,"template":"","meta":{"_acf_changed":false},"product_brand":[],"product_cat":[415,56,59],"product_tag":[60],"class_list":{"0":"post-12748","1":"product","2":"type-product","3":"status-publish","4":"has-post-thumbnail","6":"product_cat-maal","7":"product_cat-olimaal","8":"product_cat-e-pood","9":"product_tag-e-pood","11":"first","12":"outofstock","13":"sold-individually","14":"shipping-taxable","15":"product-type-simple"},"acf":[],"_links":{"self":[{"href":"https:\/\/alleegalerii.ee\/en\/wp-json\/wp\/v2\/product\/12748","targetHints":{"allow":["GET"]}}],"collection":[{"href":"https:\/\/alleegalerii.ee\/en\/wp-json\/wp\/v2\/product"}],"about":[{"href":"https:\/\/alleegalerii.ee\/en\/wp-json\/wp\/v2\/types\/product"}],"wp:featuredmedia":[{"embeddable":true,"href":"https:\/\/alleegalerii.ee\/en\/wp-json\/wp\/v2\/media\/12749"}],"wp:attachment":[{"href":"https:\/\/alleegalerii.ee\/en\/wp-json\/wp\/v2\/media?parent=12748"}],"wp:term":[{"taxonomy":"product_brand","embeddable":true,"href":"https:\/\/alleegalerii.ee\/en\/wp-json\/wp\/v2\/product_brand?post=12748"},{"taxonomy":"product_cat","embeddable":true,"href":"https:\/\/alleegalerii.ee\/en\/wp-json\/wp\/v2\/product_cat?post=12748"},{"taxonomy":"product_tag","embeddable":true,"href":"https:\/\/alleegalerii.ee\/en\/wp-json\/wp\/v2\/product_tag?post=12748"}],"curies":[{"name":"wp","href":"https:\/\/api.w.org\/{rel}","templated":true}]}}