{"id":12730,"date":"2023-09-01T17:17:01","date_gmt":"2023-09-01T14:17:01","guid":{"rendered":"https:\/\/alleegalerii.ee\/?post_type=product&#038;p=12730"},"modified":"2024-10-05T19:31:11","modified_gmt":"2024-10-05T16:31:11","slug":"juri-arrak-toostusmaastik-mandidega-1960","status":"publish","type":"product","link":"https:\/\/alleegalerii.ee\/en\/shop\/juri-arrak-toostusmaastik-mandidega-1960\/","title":{"rendered":"J\u00fcri Arrak &#8220;T\u00f6\u00f6stusmaastik m\u00e4ndidega&#8221;, 1960"},"content":{"rendered":"","protected":false},"excerpt":{"rendered":"<p>Pliiats paberil. Raamitud.<\/p>\n<p>M\u00f5\u00f5dud: ava 22,9 x 40,4 cm, raamiga 40,5 x 58,2 cm.<\/p>\n<p>All paremal: (Arrak) JArrak 24.09.60<\/p>\n","protected":false},"featured_media":12819,"template":"","meta":{"_acf_changed":false},"product_brand":[],"product_cat":[62,59],"product_tag":[60],"class_list":{"0":"post-12730","1":"product","2":"type-product","3":"status-publish","4":"has-post-thumbnail","6":"product_cat-joonistus","7":"product_cat-e-pood","8":"product_tag-e-pood","10":"first","11":"instock","12":"shipping-taxable","13":"purchasable","14":"product-type-simple"},"acf":[],"_links":{"self":[{"href":"https:\/\/alleegalerii.ee\/en\/wp-json\/wp\/v2\/product\/12730","targetHints":{"allow":["GET"]}}],"collection":[{"href":"https:\/\/alleegalerii.ee\/en\/wp-json\/wp\/v2\/product"}],"about":[{"href":"https:\/\/alleegalerii.ee\/en\/wp-json\/wp\/v2\/types\/product"}],"wp:featuredmedia":[{"embeddable":true,"href":"https:\/\/alleegalerii.ee\/en\/wp-json\/wp\/v2\/media\/12819"}],"wp:attachment":[{"href":"https:\/\/alleegalerii.ee\/en\/wp-json\/wp\/v2\/media?parent=12730"}],"wp:term":[{"taxonomy":"product_brand","embeddable":true,"href":"https:\/\/alleegalerii.ee\/en\/wp-json\/wp\/v2\/product_brand?post=12730"},{"taxonomy":"product_cat","embeddable":true,"href":"https:\/\/alleegalerii.ee\/en\/wp-json\/wp\/v2\/product_cat?post=12730"},{"taxonomy":"product_tag","embeddable":true,"href":"https:\/\/alleegalerii.ee\/en\/wp-json\/wp\/v2\/product_tag?post=12730"}],"curies":[{"name":"wp","href":"https:\/\/api.w.org\/{rel}","templated":true}]}}