{"id":12729,"date":"2023-09-01T17:14:36","date_gmt":"2023-09-01T14:14:36","guid":{"rendered":"https:\/\/alleegalerii.ee\/?post_type=product&#038;p=12729"},"modified":"2024-10-05T09:19:56","modified_gmt":"2024-10-05T06:19:56","slug":"juri-arrak-suvila-1961","status":"publish","type":"product","link":"https:\/\/alleegalerii.ee\/en\/shop\/juri-arrak-suvila-1961\/","title":{"rendered":"J\u00fcri Arrak &#8220;Suvila&#8221;, 1961"},"content":{"rendered":"","protected":false},"excerpt":{"rendered":"<p>Pliiats paberil. Raamitud.<\/p>\n<p>M\u00f5\u00f5dud: ava 17,4 x 27,8 cm, raamiga 35 x 45,5 cm.<\/p>\n<p>All paremal: JArrak 61<\/p>\n<p><span style=\"font-weight: 400;\">J\u00fcri Arrak kuulus legendaarsesse ANK64 r\u00fchmitusse, mille moodustanud noortest kujunes hiljem eesti kunsti raudvara. Lisaks Arrakule kuulusid sinna T\u00f5nis Vint, Aili Vint, Malle Leis, Kristiina Kaasik, T\u00f5nis Laanemaa, Marju Mutsu, Enno Ootsing, Tiiu Pallo-Vaik, Vello Tamm.<\/span><\/p>\n<p><span style=\"font-weight: 400;\">Arraku varasesse loomeperioodi paigutuv \u201cSuvila\u201d kuulub tema Eestimaa eri nurkadesse toimunud \u00f5pperetkedel valminud joonistuste sarja. \u00dchtlasi moodustab see osakese toonase Eesti arhitektuuriajaloost, kus Arrak on detailitruult edasi andnud hoone fassaadi ning maja \u00fcmbritsevat loodust.\u00a0<\/span><\/p>\n","protected":false},"featured_media":12826,"template":"","meta":{"_acf_changed":false},"product_brand":[],"product_cat":[62,57,59],"product_tag":[60],"class_list":{"0":"post-12729","1":"product","2":"type-product","3":"status-publish","4":"has-post-thumbnail","6":"product_cat-joonistus","7":"product_cat-muudud","8":"product_cat-e-pood","9":"product_tag-e-pood","11":"first","12":"outofstock","13":"shipping-taxable","14":"purchasable","15":"product-type-simple"},"acf":[],"_links":{"self":[{"href":"https:\/\/alleegalerii.ee\/en\/wp-json\/wp\/v2\/product\/12729","targetHints":{"allow":["GET"]}}],"collection":[{"href":"https:\/\/alleegalerii.ee\/en\/wp-json\/wp\/v2\/product"}],"about":[{"href":"https:\/\/alleegalerii.ee\/en\/wp-json\/wp\/v2\/types\/product"}],"wp:featuredmedia":[{"embeddable":true,"href":"https:\/\/alleegalerii.ee\/en\/wp-json\/wp\/v2\/media\/12826"}],"wp:attachment":[{"href":"https:\/\/alleegalerii.ee\/en\/wp-json\/wp\/v2\/media?parent=12729"}],"wp:term":[{"taxonomy":"product_brand","embeddable":true,"href":"https:\/\/alleegalerii.ee\/en\/wp-json\/wp\/v2\/product_brand?post=12729"},{"taxonomy":"product_cat","embeddable":true,"href":"https:\/\/alleegalerii.ee\/en\/wp-json\/wp\/v2\/product_cat?post=12729"},{"taxonomy":"product_tag","embeddable":true,"href":"https:\/\/alleegalerii.ee\/en\/wp-json\/wp\/v2\/product_tag?post=12729"}],"curies":[{"name":"wp","href":"https:\/\/api.w.org\/{rel}","templated":true}]}}