{"id":12728,"date":"2023-09-01T17:09:14","date_gmt":"2023-09-01T14:09:14","guid":{"rendered":"https:\/\/alleegalerii.ee\/?post_type=product&#038;p=12728"},"modified":"2025-05-10T15:13:58","modified_gmt":"2025-05-10T12:13:58","slug":"juri-arrak-lootsa-talu-1961","status":"publish","type":"product","link":"https:\/\/alleegalerii.ee\/en\/shop\/juri-arrak-lootsa-talu-1961\/","title":{"rendered":"J\u00fcri Arrak &#8220;L\u00f5\u00f5tsa talu&#8221;, 1961"},"content":{"rendered":"","protected":false},"excerpt":{"rendered":"<p>M\u00dc\u00dcDUD.<\/p>\n<p>Pliiats paberil. Raamitud.<\/p>\n<p>M\u00f5\u00f5dud: ava 27,9 x 18,5 cm, raamiga 45 x 36 cm.<\/p>\n<p>All: L\u00f5\u00f5tsa talus JArrak 61<\/p>\n<p>&#8220;L\u00f5\u00f5tsa talu\u201c on J\u00fcri Arraku (1936-2022) j\u00e4\u00e4dvustus soojast suvep\u00e4evast maal\u00a0 \u2013 ajast, mil ta \u00f5ppis Eesti Riiklikus Kunstiinstituudis. \u00d5pperetked viisid Arraku Eestimaa eri nurkadesse loodust ja k\u00fclasid joonistama ja maalima, nii ka k\u00e4esoleval teosel.<\/p>\n","protected":false},"featured_media":12827,"template":"","meta":{"_acf_changed":false},"product_brand":[],"product_cat":[62,57,59],"product_tag":[60],"class_list":{"0":"post-12728","1":"product","2":"type-product","3":"status-publish","4":"has-post-thumbnail","6":"product_cat-joonistus","7":"product_cat-muudud","8":"product_cat-e-pood","9":"product_tag-e-pood","11":"first","12":"outofstock","13":"shipping-taxable","14":"purchasable","15":"product-type-simple"},"acf":[],"_links":{"self":[{"href":"https:\/\/alleegalerii.ee\/en\/wp-json\/wp\/v2\/product\/12728","targetHints":{"allow":["GET"]}}],"collection":[{"href":"https:\/\/alleegalerii.ee\/en\/wp-json\/wp\/v2\/product"}],"about":[{"href":"https:\/\/alleegalerii.ee\/en\/wp-json\/wp\/v2\/types\/product"}],"wp:featuredmedia":[{"embeddable":true,"href":"https:\/\/alleegalerii.ee\/en\/wp-json\/wp\/v2\/media\/12827"}],"wp:attachment":[{"href":"https:\/\/alleegalerii.ee\/en\/wp-json\/wp\/v2\/media?parent=12728"}],"wp:term":[{"taxonomy":"product_brand","embeddable":true,"href":"https:\/\/alleegalerii.ee\/en\/wp-json\/wp\/v2\/product_brand?post=12728"},{"taxonomy":"product_cat","embeddable":true,"href":"https:\/\/alleegalerii.ee\/en\/wp-json\/wp\/v2\/product_cat?post=12728"},{"taxonomy":"product_tag","embeddable":true,"href":"https:\/\/alleegalerii.ee\/en\/wp-json\/wp\/v2\/product_tag?post=12728"}],"curies":[{"name":"wp","href":"https:\/\/api.w.org\/{rel}","templated":true}]}}