{"id":12715,"date":"2023-09-01T17:38:11","date_gmt":"2023-09-01T14:38:11","guid":{"rendered":"https:\/\/alleegalerii.ee\/?post_type=product&#038;p=12715"},"modified":"2023-11-14T22:07:06","modified_gmt":"2023-11-14T20:07:06","slug":"ado-lill-abstraktne-1994","status":"publish","type":"product","link":"https:\/\/alleegalerii.ee\/en\/shop\/ado-lill-abstraktne-1994\/","title":{"rendered":"Ado Lill \u201cAbstraktne\u201d, 1994"},"content":{"rendered":"","protected":false},"excerpt":{"rendered":"<p>Akr\u00fc\u00fcl l\u00f5uendil. Raamitud.<\/p>\n<p>M\u00f5\u00f5dud: 100 x 85 cm.<\/p>\n<p>P\u00f6\u00f6rdel: abstraktne maal, 1994 akr\u00fc\u00fcl, l\u00f5uend Ado Lill, Tallinn<\/p>\n<p>Abstraktsionismi j\u00e4rjekindlalt viljelenud klassikust Ado Lillest (1932-2018) kujunes 1980. aastateks eesti juhtiv abstraktne ekspressionist, kelle tunnustuste pagasisse kuulub muuhulgas v\u00e4\u00e4rikas Kristjan Raua preemia tema 1994. aasta isikun\u00e4ituse eest Eesti Kunstimuuseumis.<\/p>\n<p>Just samal perioodil valminud kaunis t\u00f6\u00f6s \u00fchendab Lill orgaaniliselt action painting\u00b4u ja kujutava elemendi, mis tuletab kaudselt meelde hierogl\u00fc\u00fcfe v\u00f5i kirjaridu nagu kalligraafilises maalikunstis. Sisemisi vorme asendab arabesklikult kirev ja kirglikult h\u00f5\u00f5guv, vaheldumisi laseerivalt ja pastoosselt maalitud v\u00e4rvipind, mis on kujunenud segamatutest v\u00e4rvidest. T\u00e4nu akr\u00fc\u00fcliv\u00e4rvi omadustele n\u00e4eb Lille maal justkui \u00e4sja ateljeest v\u00e4ljununa.<\/p>\n","protected":false},"featured_media":11710,"template":"","meta":{"_acf_changed":false},"product_brand":[],"product_cat":[415,59,96],"product_tag":[60],"class_list":{"0":"post-12715","1":"product","2":"type-product","3":"status-publish","4":"has-post-thumbnail","6":"product_cat-maal","7":"product_cat-e-pood","8":"product_cat-akruul","9":"product_tag-e-pood","11":"first","12":"instock","13":"sold-individually","14":"shipping-taxable","15":"purchasable","16":"product-type-simple"},"acf":[],"_links":{"self":[{"href":"https:\/\/alleegalerii.ee\/en\/wp-json\/wp\/v2\/product\/12715","targetHints":{"allow":["GET"]}}],"collection":[{"href":"https:\/\/alleegalerii.ee\/en\/wp-json\/wp\/v2\/product"}],"about":[{"href":"https:\/\/alleegalerii.ee\/en\/wp-json\/wp\/v2\/types\/product"}],"wp:featuredmedia":[{"embeddable":true,"href":"https:\/\/alleegalerii.ee\/en\/wp-json\/wp\/v2\/media\/11710"}],"wp:attachment":[{"href":"https:\/\/alleegalerii.ee\/en\/wp-json\/wp\/v2\/media?parent=12715"}],"wp:term":[{"taxonomy":"product_brand","embeddable":true,"href":"https:\/\/alleegalerii.ee\/en\/wp-json\/wp\/v2\/product_brand?post=12715"},{"taxonomy":"product_cat","embeddable":true,"href":"https:\/\/alleegalerii.ee\/en\/wp-json\/wp\/v2\/product_cat?post=12715"},{"taxonomy":"product_tag","embeddable":true,"href":"https:\/\/alleegalerii.ee\/en\/wp-json\/wp\/v2\/product_tag?post=12715"}],"curies":[{"name":"wp","href":"https:\/\/api.w.org\/{rel}","templated":true}]}}