{"id":12690,"date":"2023-08-30T13:28:40","date_gmt":"2023-08-30T10:28:40","guid":{"rendered":"https:\/\/alleegalerii.ee\/?post_type=product&#038;p=12690"},"modified":"2023-11-14T22:07:13","modified_gmt":"2023-11-14T20:07:13","slug":"eduard-wiiralt-istuv-daam-1941-2","status":"publish","type":"product","link":"https:\/\/alleegalerii.ee\/en\/shop\/eduard-wiiralt-istuv-daam-1941-2\/","title":{"rendered":"Eduard Wiiralt &#8220;Istuv daam&#8221;, 1941"},"content":{"rendered":"","protected":false},"excerpt":{"rendered":"<p>Metsotinto paberil. P\u00f6\u00f6rdel Rootsi komitee kinnitus.<\/p>\n<p>M\u00f5\u00f5dud: plm 50 x 32,5 cm. M\u00fc\u00fcgil lehe kujul, soovi korral saame aidata raami valikul ja vormistamisel.<\/p>\n<p>Eesti esigraafik Eduard Wiiralt (1898-1954) l\u00f5petas kunstikooli Pallas 1924. aastal graafiku ja kujurina. Andeka \u00f5pilasena j\u00e4tkas ta samas koolis graafika \u00f5petamisega. Peale seda suundus Wiiralt kunstikeskusesse Pariisi, mille inspireeriv keskkond oli tema koduks tervelt 14 aastat. 1939. aasta septembris naasis kunstnik Eestisse, kus valmis ka k\u00e4esolev teos \u201cIstuv daam\u201d. Teosel olevat modelli on Wiiralt ennegi kasutanud ja kujutanud teda erinevatelt k\u00fclgedelt. Lisaks uhkele ja eneseteadlikule hoiakule on t\u00e4helepanu keskmes ka viimse detailini viimistletud k\u00e4ed.<\/p>\n","protected":false},"featured_media":12692,"template":"","meta":{"_acf_changed":false},"product_brand":[],"product_cat":[61,59],"product_tag":[60],"class_list":{"0":"post-12690","1":"product","2":"type-product","3":"status-publish","4":"has-post-thumbnail","6":"product_cat-graafika","7":"product_cat-e-pood","8":"product_tag-e-pood","10":"first","11":"outofstock","12":"sold-individually","13":"shipping-taxable","14":"product-type-simple"},"acf":[],"_links":{"self":[{"href":"https:\/\/alleegalerii.ee\/en\/wp-json\/wp\/v2\/product\/12690","targetHints":{"allow":["GET"]}}],"collection":[{"href":"https:\/\/alleegalerii.ee\/en\/wp-json\/wp\/v2\/product"}],"about":[{"href":"https:\/\/alleegalerii.ee\/en\/wp-json\/wp\/v2\/types\/product"}],"wp:featuredmedia":[{"embeddable":true,"href":"https:\/\/alleegalerii.ee\/en\/wp-json\/wp\/v2\/media\/12692"}],"wp:attachment":[{"href":"https:\/\/alleegalerii.ee\/en\/wp-json\/wp\/v2\/media?parent=12690"}],"wp:term":[{"taxonomy":"product_brand","embeddable":true,"href":"https:\/\/alleegalerii.ee\/en\/wp-json\/wp\/v2\/product_brand?post=12690"},{"taxonomy":"product_cat","embeddable":true,"href":"https:\/\/alleegalerii.ee\/en\/wp-json\/wp\/v2\/product_cat?post=12690"},{"taxonomy":"product_tag","embeddable":true,"href":"https:\/\/alleegalerii.ee\/en\/wp-json\/wp\/v2\/product_tag?post=12690"}],"curies":[{"name":"wp","href":"https:\/\/api.w.org\/{rel}","templated":true}]}}