{"id":12678,"date":"2023-08-30T15:53:01","date_gmt":"2023-08-30T12:53:01","guid":{"rendered":"https:\/\/alleegalerii.ee\/?post_type=product&#038;p=12678"},"modified":"2023-11-14T22:07:06","modified_gmt":"2023-11-14T20:07:06","slug":"vaino-paris-sunnipaeva-oied-1979","status":"publish","type":"product","link":"https:\/\/alleegalerii.ee\/en\/shop\/vaino-paris-sunnipaeva-oied-1979\/","title":{"rendered":"V\u00e4ino Paris &#8220;S\u00fcnnip\u00e4eva \u00f5ied&#8221;, 1979"},"content":{"rendered":"","protected":false},"excerpt":{"rendered":"<p>\u00d5li kartongil. Raamitud.<\/p>\n<p>M\u00f5\u00f5dud: 74,5 x 63,5 cm, raamiga 79,5 x 68,5 cm.<\/p>\n<p>All vasakul: V\u00e4ino Paris 79<br \/>\nP\u00f6\u00f6rdel: &#8220;S\u00fcnnip\u00e4eva \u00f5ied&#8221; V\u00e4ino Paris 1979. a. Tallinn<\/p>\n<p>Tartus kunstnike perre s\u00fcndinud ning Tallinnas kunstihariduse omandanud V\u00e4ino Parise (1921-2001) \u00fcheks lemmikmotiiviks olid lopsakad lilled. Nii on ta &#8220;S\u00fcnnip\u00e4eva \u00f5ites&#8221; r\u00f5hutanud sirelite v\u00f5imsaid \u00f5iekobaraid ning s\u00fcnnip\u00e4evale kohaselt kimpu lisanud punased roosid.<\/p>\n","protected":false},"featured_media":12679,"template":"","meta":{"_acf_changed":false},"product_brand":[],"product_cat":[415,56,59],"product_tag":[60],"class_list":{"0":"post-12678","1":"product","2":"type-product","3":"status-publish","4":"has-post-thumbnail","6":"product_cat-maal","7":"product_cat-olimaal","8":"product_cat-e-pood","9":"product_tag-e-pood","11":"first","12":"instock","13":"sold-individually","14":"shipping-taxable","15":"purchasable","16":"product-type-simple"},"acf":[],"_links":{"self":[{"href":"https:\/\/alleegalerii.ee\/en\/wp-json\/wp\/v2\/product\/12678","targetHints":{"allow":["GET"]}}],"collection":[{"href":"https:\/\/alleegalerii.ee\/en\/wp-json\/wp\/v2\/product"}],"about":[{"href":"https:\/\/alleegalerii.ee\/en\/wp-json\/wp\/v2\/types\/product"}],"wp:featuredmedia":[{"embeddable":true,"href":"https:\/\/alleegalerii.ee\/en\/wp-json\/wp\/v2\/media\/12679"}],"wp:attachment":[{"href":"https:\/\/alleegalerii.ee\/en\/wp-json\/wp\/v2\/media?parent=12678"}],"wp:term":[{"taxonomy":"product_brand","embeddable":true,"href":"https:\/\/alleegalerii.ee\/en\/wp-json\/wp\/v2\/product_brand?post=12678"},{"taxonomy":"product_cat","embeddable":true,"href":"https:\/\/alleegalerii.ee\/en\/wp-json\/wp\/v2\/product_cat?post=12678"},{"taxonomy":"product_tag","embeddable":true,"href":"https:\/\/alleegalerii.ee\/en\/wp-json\/wp\/v2\/product_tag?post=12678"}],"curies":[{"name":"wp","href":"https:\/\/api.w.org\/{rel}","templated":true}]}}