{"id":12663,"date":"2023-08-16T14:46:23","date_gmt":"2023-08-16T11:46:23","guid":{"rendered":"https:\/\/alleegalerii.ee\/?post_type=product&#038;p=12663"},"modified":"2024-04-29T12:33:46","modified_gmt":"2024-04-29T09:33:46","slug":"mati-uprus-tanaval","status":"publish","type":"product","link":"https:\/\/alleegalerii.ee\/en\/shop\/mati-uprus-tanaval\/","title":{"rendered":"Mati Uprus &#8220;\u00d5htusel t\u00e4naval&#8221;"},"content":{"rendered":"","protected":false},"excerpt":{"rendered":"<p>Akr\u00fc\u00fcl l\u00f5uendil.<\/p>\n<p>M\u00f5\u00f5dud: 60 x 60 cm<\/p>\n<p>All paremal: Mati Uprus<\/p>\n<p>P\u00f5lvas s\u00fcndinud, kuid enamasti Tartus tegutseva kunstniku Mati Upruse (s 1963) looming keerleb suures osas valguse \u00fcmber. Valgusviht kui teosteisse emotsiooni, pinge tooja, t\u00f5stab esile figuuride silueti ning j\u00e4tab pimeduse varju isiklikud detailid.<\/p>\n<p>Muuhulgas heliloojana tegutsev Uprus v\u00f5itis 2022. aasta EFTA auhindade jagamisel filmi &#8220;Pingev\u00e4ljade aednik&#8221; eest parima helilooja auhinna.<\/p>\n","protected":false},"featured_media":12666,"template":"","meta":{"_acf_changed":false},"product_brand":[],"product_cat":[415,59,96],"product_tag":[60],"class_list":{"0":"post-12663","1":"product","2":"type-product","3":"status-publish","4":"has-post-thumbnail","6":"product_cat-maal","7":"product_cat-e-pood","8":"product_cat-akruul","9":"product_tag-e-pood","11":"first","12":"instock","13":"sold-individually","14":"shipping-taxable","15":"purchasable","16":"product-type-simple"},"acf":[],"_links":{"self":[{"href":"https:\/\/alleegalerii.ee\/en\/wp-json\/wp\/v2\/product\/12663","targetHints":{"allow":["GET"]}}],"collection":[{"href":"https:\/\/alleegalerii.ee\/en\/wp-json\/wp\/v2\/product"}],"about":[{"href":"https:\/\/alleegalerii.ee\/en\/wp-json\/wp\/v2\/types\/product"}],"wp:featuredmedia":[{"embeddable":true,"href":"https:\/\/alleegalerii.ee\/en\/wp-json\/wp\/v2\/media\/12666"}],"wp:attachment":[{"href":"https:\/\/alleegalerii.ee\/en\/wp-json\/wp\/v2\/media?parent=12663"}],"wp:term":[{"taxonomy":"product_brand","embeddable":true,"href":"https:\/\/alleegalerii.ee\/en\/wp-json\/wp\/v2\/product_brand?post=12663"},{"taxonomy":"product_cat","embeddable":true,"href":"https:\/\/alleegalerii.ee\/en\/wp-json\/wp\/v2\/product_cat?post=12663"},{"taxonomy":"product_tag","embeddable":true,"href":"https:\/\/alleegalerii.ee\/en\/wp-json\/wp\/v2\/product_tag?post=12663"}],"curies":[{"name":"wp","href":"https:\/\/api.w.org\/{rel}","templated":true}]}}