{"id":12646,"date":"2023-08-21T12:03:06","date_gmt":"2023-08-21T09:03:06","guid":{"rendered":"https:\/\/alleegalerii.ee\/?post_type=product&#038;p=12646"},"modified":"2023-11-14T22:07:05","modified_gmt":"2023-11-14T20:07:05","slug":"erno-koch-kuressaare-linnus-1932","status":"publish","type":"product","link":"https:\/\/alleegalerii.ee\/en\/shop\/erno-koch-kuressaare-linnus-1932\/","title":{"rendered":"Ern\u00f6 Koch &#8220;Kuressaare linnus&#8221;, 1932"},"content":{"rendered":"","protected":false},"excerpt":{"rendered":"<p>Tu\u0161\u0161 paberil. Raamitud.<\/p>\n<p>M\u00f5\u00f5dud: 23 x 35 cm, raamiga 37 x 48,5 cm.<\/p>\n<p>All paremal: Ern\u00f6 Koch 1932.<\/p>\n<p>Etnograafiahuvilisena aastail 1926-40 Eestisse h\u00f5imurahvaste kultuuri uurima tulnud ungari kunstnik Ern\u00f6 Koch (1898-1970) pakkus v\u00e4rskendavat k\u00f5rvalvaataja pilku Eesti tollasele elule ning oli omamoodi dokumentalistiks. Tema faktip\u00f5hises laadis kujutatud stseenid Eestimaa linnadest ja t\u00f6\u00f6stusmaastikest on seega lisaks oma kunstilisele v\u00e4\u00e4rtusele ka p\u00f5nevaks ajalooliseks tagasivaateks toonastele vaadetele.<\/p>\n","protected":false},"featured_media":12647,"template":"","meta":{"_acf_changed":false},"product_brand":[],"product_cat":[62,59],"product_tag":[60],"class_list":{"0":"post-12646","1":"product","2":"type-product","3":"status-publish","4":"has-post-thumbnail","6":"product_cat-joonistus","7":"product_cat-e-pood","8":"product_tag-e-pood","10":"first","11":"instock","12":"shipping-taxable","13":"purchasable","14":"product-type-simple"},"acf":[],"_links":{"self":[{"href":"https:\/\/alleegalerii.ee\/en\/wp-json\/wp\/v2\/product\/12646","targetHints":{"allow":["GET"]}}],"collection":[{"href":"https:\/\/alleegalerii.ee\/en\/wp-json\/wp\/v2\/product"}],"about":[{"href":"https:\/\/alleegalerii.ee\/en\/wp-json\/wp\/v2\/types\/product"}],"wp:featuredmedia":[{"embeddable":true,"href":"https:\/\/alleegalerii.ee\/en\/wp-json\/wp\/v2\/media\/12647"}],"wp:attachment":[{"href":"https:\/\/alleegalerii.ee\/en\/wp-json\/wp\/v2\/media?parent=12646"}],"wp:term":[{"taxonomy":"product_brand","embeddable":true,"href":"https:\/\/alleegalerii.ee\/en\/wp-json\/wp\/v2\/product_brand?post=12646"},{"taxonomy":"product_cat","embeddable":true,"href":"https:\/\/alleegalerii.ee\/en\/wp-json\/wp\/v2\/product_cat?post=12646"},{"taxonomy":"product_tag","embeddable":true,"href":"https:\/\/alleegalerii.ee\/en\/wp-json\/wp\/v2\/product_tag?post=12646"}],"curies":[{"name":"wp","href":"https:\/\/api.w.org\/{rel}","templated":true}]}}