{"id":12627,"date":"2023-08-02T15:31:25","date_gmt":"2023-08-02T12:31:25","guid":{"rendered":"https:\/\/alleegalerii.ee\/?post_type=product&#038;p=12627"},"modified":"2026-01-16T16:36:53","modified_gmt":"2026-01-16T14:36:53","slug":"evi-tihemets-mahalangenud-puu-1987-1989","status":"publish","type":"product","link":"https:\/\/alleegalerii.ee\/en\/shop\/evi-tihemets-mahalangenud-puu-1987-1989\/","title":{"rendered":"Evi Tihemets &#8220;Mahalangenud puu&#8221;, 1987\/1989"},"content":{"rendered":"","protected":false},"excerpt":{"rendered":"<p>Pehmelakk paberil. Raamimata.<\/p>\n<p>M\u00f5\u00f5dud: plm 73 x 63,5 cm, lm 83 x 71 cm.<\/p>\n<p>All vasakul: &#8220;Mahalangenud puu&#8221; (pehmelakk) 6\/50<br \/>\nAll paremal: E. Tihemets 87 89<\/p>\n<p>Silmapaistvalt andeka joonistusoskusega, kahekordne Kristjan Raua preemia v\u00f5itja Evi Tihemets (s. 1932) on osa v\u00f5tnud arvukatest n\u00e4itustest nii Eestis kui v\u00e4lismaal. Tema loomingust leiab muuhulgas nii loodus- kui linnamaastikke, portreid ning p\u00f5nevaid kollaa\u017ee.<\/p>\n","protected":false},"featured_media":12630,"template":"","meta":{"_acf_changed":false},"product_brand":[],"product_cat":[61,59],"product_tag":[60],"class_list":{"0":"post-12627","1":"product","2":"type-product","3":"status-publish","4":"has-post-thumbnail","6":"product_cat-graafika","7":"product_cat-e-pood","8":"product_tag-e-pood","10":"first","11":"instock","12":"sold-individually","13":"shipping-taxable","14":"purchasable","15":"product-type-simple"},"acf":[],"_links":{"self":[{"href":"https:\/\/alleegalerii.ee\/en\/wp-json\/wp\/v2\/product\/12627","targetHints":{"allow":["GET"]}}],"collection":[{"href":"https:\/\/alleegalerii.ee\/en\/wp-json\/wp\/v2\/product"}],"about":[{"href":"https:\/\/alleegalerii.ee\/en\/wp-json\/wp\/v2\/types\/product"}],"wp:featuredmedia":[{"embeddable":true,"href":"https:\/\/alleegalerii.ee\/en\/wp-json\/wp\/v2\/media\/12630"}],"wp:attachment":[{"href":"https:\/\/alleegalerii.ee\/en\/wp-json\/wp\/v2\/media?parent=12627"}],"wp:term":[{"taxonomy":"product_brand","embeddable":true,"href":"https:\/\/alleegalerii.ee\/en\/wp-json\/wp\/v2\/product_brand?post=12627"},{"taxonomy":"product_cat","embeddable":true,"href":"https:\/\/alleegalerii.ee\/en\/wp-json\/wp\/v2\/product_cat?post=12627"},{"taxonomy":"product_tag","embeddable":true,"href":"https:\/\/alleegalerii.ee\/en\/wp-json\/wp\/v2\/product_tag?post=12627"}],"curies":[{"name":"wp","href":"https:\/\/api.w.org\/{rel}","templated":true}]}}