{"id":12610,"date":"2023-08-01T15:30:50","date_gmt":"2023-08-01T12:30:50","guid":{"rendered":"https:\/\/alleegalerii.ee\/?post_type=product&#038;p=12610"},"modified":"2024-12-02T10:34:18","modified_gmt":"2024-12-02T08:34:18","slug":"aleksander-mildeberg-koer-ja-kaks-kassi-1962","status":"publish","type":"product","link":"https:\/\/alleegalerii.ee\/en\/shop\/aleksander-mildeberg-koer-ja-kaks-kassi-1962\/","title":{"rendered":"Aleksander Mildeberg \u201cKoer ja kaks kassi&#8221;, 1962"},"content":{"rendered":"","protected":false},"excerpt":{"rendered":"<p>M\u00dc\u00dcDUD.<\/p>\n<p>Linooll\u00f5ige paberil. Raamitud.<\/p>\n<p>M\u00f5\u00f5dud: plm 19 x 23,5 cm, raamiga 39 x 42,5 cm.<\/p>\n<p>All paremal: AMildeberg 1962<\/p>\n<p>Nikolai Triigi ja Roman Nymani k\u00e4e all \u00f5ppinud Aleksander Mildeberg (1902-1977) armastas oma loomingus kujutada peamiselt maastikke ja linnavaateid. K\u00e4esolev teos kahest kassist ja neid p\u00f5nevusega uurivalt koeralt on v\u00e4rskendav k\u00f5rvalep\u00f5ige koduselt sooja loomademaailma.<\/p>\n","protected":false},"featured_media":12618,"template":"","meta":{"_acf_changed":false},"product_brand":[],"product_cat":[61,57,59],"product_tag":[60],"class_list":{"0":"post-12610","1":"product","2":"type-product","3":"status-publish","4":"has-post-thumbnail","6":"product_cat-graafika","7":"product_cat-muudud","8":"product_cat-e-pood","9":"product_tag-e-pood","11":"first","12":"outofstock","13":"sold-individually","14":"shipping-taxable","15":"purchasable","16":"product-type-simple"},"acf":[],"_links":{"self":[{"href":"https:\/\/alleegalerii.ee\/en\/wp-json\/wp\/v2\/product\/12610","targetHints":{"allow":["GET"]}}],"collection":[{"href":"https:\/\/alleegalerii.ee\/en\/wp-json\/wp\/v2\/product"}],"about":[{"href":"https:\/\/alleegalerii.ee\/en\/wp-json\/wp\/v2\/types\/product"}],"wp:featuredmedia":[{"embeddable":true,"href":"https:\/\/alleegalerii.ee\/en\/wp-json\/wp\/v2\/media\/12618"}],"wp:attachment":[{"href":"https:\/\/alleegalerii.ee\/en\/wp-json\/wp\/v2\/media?parent=12610"}],"wp:term":[{"taxonomy":"product_brand","embeddable":true,"href":"https:\/\/alleegalerii.ee\/en\/wp-json\/wp\/v2\/product_brand?post=12610"},{"taxonomy":"product_cat","embeddable":true,"href":"https:\/\/alleegalerii.ee\/en\/wp-json\/wp\/v2\/product_cat?post=12610"},{"taxonomy":"product_tag","embeddable":true,"href":"https:\/\/alleegalerii.ee\/en\/wp-json\/wp\/v2\/product_tag?post=12610"}],"curies":[{"name":"wp","href":"https:\/\/api.w.org\/{rel}","templated":true}]}}