{"id":12607,"date":"2023-08-02T16:23:28","date_gmt":"2023-08-02T13:23:28","guid":{"rendered":"https:\/\/alleegalerii.ee\/?post_type=product&#038;p=12607"},"modified":"2023-11-14T22:07:14","modified_gmt":"2023-11-14T20:07:14","slug":"richard-kaljo-eeden-1967","status":"publish","type":"product","link":"https:\/\/alleegalerii.ee\/en\/shop\/richard-kaljo-eeden-1967\/","title":{"rendered":"Richard Kaljo \u201cEeden\u201d, 1967"},"content":{"rendered":"","protected":false},"excerpt":{"rendered":"<p>Puugrav\u00fc\u00fcr. Raamitud.<\/p>\n<p>M\u00f5\u00f5dud: plm 24 x 18 cm, raamiga 42 x 35,5 cm<\/p>\n<p>All vasakul: &#8220;Eeden&#8221; puugrav\u00fc\u00fcr 1967 200\/84 RKaljo<\/p>\n<p>Richard Kaljo (1914-1978) viljeles ka nii linooll\u00f5iget kui kuivn\u00f5ela, kuid tema p\u00f5hialaks oli puugrav\u00fc\u00fcr, milles valmisid figuraalkompositsioonid, portreed, aktid ja linnavaated. \u00dcht ajaloo kuulsaimat m\u00fc\u00fctilist stseeni k\u00e4sitlev teos &#8220;Eeden&#8221; oli eksponeeritud 2014. aastal Kumus toimunud n\u00e4itusel &#8220;Richard Kaljo. Lood graafikas ja kirjades&#8221; ning kuulub ka Eesti Kunstimuuseumi kollektsiooni.<\/p>\n","protected":false},"featured_media":12614,"template":"","meta":{"_acf_changed":false},"product_brand":[],"product_cat":[61,59],"product_tag":[60],"class_list":{"0":"post-12607","1":"product","2":"type-product","3":"status-publish","4":"has-post-thumbnail","6":"product_cat-graafika","7":"product_cat-e-pood","8":"product_tag-e-pood","10":"first","11":"outofstock","12":"sold-individually","13":"shipping-taxable","14":"product-type-simple"},"acf":[],"_links":{"self":[{"href":"https:\/\/alleegalerii.ee\/en\/wp-json\/wp\/v2\/product\/12607","targetHints":{"allow":["GET"]}}],"collection":[{"href":"https:\/\/alleegalerii.ee\/en\/wp-json\/wp\/v2\/product"}],"about":[{"href":"https:\/\/alleegalerii.ee\/en\/wp-json\/wp\/v2\/types\/product"}],"wp:featuredmedia":[{"embeddable":true,"href":"https:\/\/alleegalerii.ee\/en\/wp-json\/wp\/v2\/media\/12614"}],"wp:attachment":[{"href":"https:\/\/alleegalerii.ee\/en\/wp-json\/wp\/v2\/media?parent=12607"}],"wp:term":[{"taxonomy":"product_brand","embeddable":true,"href":"https:\/\/alleegalerii.ee\/en\/wp-json\/wp\/v2\/product_brand?post=12607"},{"taxonomy":"product_cat","embeddable":true,"href":"https:\/\/alleegalerii.ee\/en\/wp-json\/wp\/v2\/product_cat?post=12607"},{"taxonomy":"product_tag","embeddable":true,"href":"https:\/\/alleegalerii.ee\/en\/wp-json\/wp\/v2\/product_tag?post=12607"}],"curies":[{"name":"wp","href":"https:\/\/api.w.org\/{rel}","templated":true}]}}