{"id":12602,"date":"2023-07-28T12:18:01","date_gmt":"2023-07-28T09:18:01","guid":{"rendered":"https:\/\/alleegalerii.ee\/?post_type=product&#038;p=12602"},"modified":"2026-02-15T23:25:10","modified_gmt":"2026-02-15T21:25:10","slug":"benita-vomm-keha","status":"publish","type":"product","link":"https:\/\/alleegalerii.ee\/en\/shop\/benita-vomm-keha\/","title":{"rendered":"BRON. Benita Vomm &#8220;Keha&#8221;"},"content":{"rendered":"","protected":false},"excerpt":{"rendered":"<p>\u00d5li, l\u00f5uend kleebitud kartongile. 1960-ndad.\u00a0Raamitud.<\/p>\n<p>M\u00f5\u00f5dud: 60 x 45,5 cm<br \/>\nAll paremal: B. Vomm<br \/>\nP\u00f6\u00f6rdel: &#8220;TORSO&#8221; B. VOMM CANADA<\/p>\n<p>Pallaslane Benita Vomm (1908-2005) oli neid pagulusse l\u00e4inud eesti maalijaid, kelle loominguline areng uuel kodumaal tegi l\u00e4bi p\u00f5him\u00f5ttelise muutuse pallaslikust uusrealismist abstraktsionalismi ja dekorativismi. Maal \u201cKeha\u201d on selle muutuse iseloomulik n\u00e4ide, Vommi k\u00e4ekirjale ka v\u00e4ga t\u00fc\u00fcpiline. Naisefiguuri muudab ta arabesksete tumedate kontuuride ja lille\u00f5ite abil esteetilist silmar\u00f5\u00f5mu pakkuvaks kompositsiooniks, milles figuur ise sulandub vabalt teda \u00fcmbritsevasse ornamentatsiooni.<\/p>\n","protected":false},"featured_media":10466,"template":"","meta":{"_acf_changed":false},"product_brand":[],"product_cat":[415,56,59],"product_tag":[60],"class_list":{"0":"post-12602","1":"product","2":"type-product","3":"status-publish","4":"has-post-thumbnail","6":"product_cat-maal","7":"product_cat-olimaal","8":"product_cat-e-pood","9":"product_tag-e-pood","11":"first","12":"instock","13":"shipping-taxable","14":"purchasable","15":"product-type-simple"},"acf":[],"_links":{"self":[{"href":"https:\/\/alleegalerii.ee\/en\/wp-json\/wp\/v2\/product\/12602","targetHints":{"allow":["GET"]}}],"collection":[{"href":"https:\/\/alleegalerii.ee\/en\/wp-json\/wp\/v2\/product"}],"about":[{"href":"https:\/\/alleegalerii.ee\/en\/wp-json\/wp\/v2\/types\/product"}],"wp:featuredmedia":[{"embeddable":true,"href":"https:\/\/alleegalerii.ee\/en\/wp-json\/wp\/v2\/media\/10466"}],"wp:attachment":[{"href":"https:\/\/alleegalerii.ee\/en\/wp-json\/wp\/v2\/media?parent=12602"}],"wp:term":[{"taxonomy":"product_brand","embeddable":true,"href":"https:\/\/alleegalerii.ee\/en\/wp-json\/wp\/v2\/product_brand?post=12602"},{"taxonomy":"product_cat","embeddable":true,"href":"https:\/\/alleegalerii.ee\/en\/wp-json\/wp\/v2\/product_cat?post=12602"},{"taxonomy":"product_tag","embeddable":true,"href":"https:\/\/alleegalerii.ee\/en\/wp-json\/wp\/v2\/product_tag?post=12602"}],"curies":[{"name":"wp","href":"https:\/\/api.w.org\/{rel}","templated":true}]}}